{"id":958,"date":"2017-12-20T16:54:31","date_gmt":"2017-12-20T15:54:31","guid":{"rendered":"https:\/\/www.sereme.com\/?page_id=958"},"modified":"2023-07-13T14:16:07","modified_gmt":"2023-07-13T12:16:07","slug":"%d0%be-%d0%bd%d0%b0%d1%81","status":"publish","type":"page","link":"https:\/\/www.sereme.com\/ru\/%d0%be-%d0%bd%d0%b0%d1%81\/","title":{"rendered":"\u041e \u043d\u0430\u0441"},"content":{"rendered":"<div class=\"wpb-content-wrapper\"><p>[vc_row][vc_column width=&#187;2\/3&#8243;][vc_column_text]\u041a\u043e\u043c\u043f\u0430\u043d\u0438\u044f S.E.R.E.M.E. (\u0424\u0440\u0430\u043d\u0446\u0438\u044f) \u0441 1976 \u0433\u043e\u0434\u0430 \u0440\u0430\u0437\u0440\u0430\u0431\u0430\u0442\u044b\u0432\u0430\u0435\u0442 \u0438 \u043f\u0440\u043e\u0438\u0437\u0432\u043e\u0434\u0438\u0442 \u0441\u043f\u0435\u0446\u0438\u0430\u043b\u0438\u0437\u0438\u0440\u043e\u0432\u0430\u043d\u043d\u043e\u0435 \u0442\u0435\u0445\u043d\u043e\u043b\u043e\u0433\u0438\u0447\u0435\u0441\u043a\u043e\u0435 \u043e\u0431\u043e\u0440\u0443\u0434\u043e\u0432\u0430\u043d\u0438\u0435 \u0438 \u043e\u0441\u043d\u0430\u0441\u0442\u043a\u0443 \u0434\u043b\u044f \u043f\u0440\u043e\u0432\u0435\u0434\u0435\u043d\u0438\u044f \u0430\u043a\u0443\u0441\u0442\u0438\u0447\u0435\u0441\u043a\u0438\u0445, \u0432\u0438\u0431\u0440\u0430\u0446\u0438\u043e\u043d\u043d\u044b\u0445 \u0438 \u0443\u0434\u0430\u0440\u043d\u044b\u0445 \u0438\u0441\u043f\u044b\u0442\u0430\u043d\u0438\u0439, \u0432 \u0442\u043e\u043c \u0447\u0438\u0441\u043b\u0435 \u0433\u043e\u0440\u0438\u0437\u043e\u043d\u0442\u0430\u043b\u044c\u043d\u044b\u0435 \u0441\u043a\u043e\u043b\u044c\u0437\u044f\u0449\u0438\u0435 \u0441\u0442\u043e\u043b\u044b \u0438 \u043f\u043b\u0430\u0442\u0444\u043e\u0440\u043c\u044b \u0434\u043b\u044f \u0434\u0438\u043d\u0430\u043c\u0438\u0447\u0435\u0441\u043a\u0438\u0445 \u0438\u0441\u043f\u044b\u0442\u0430\u043d\u0438\u0439 \u0441 \u043d\u0435\u0441\u043a\u043e\u043b\u044c\u043a\u0438\u043c\u0438 \u0441\u0442\u0435\u043f\u0435\u043d\u044f\u043c\u0438 \u0441\u0432\u043e\u0431\u043e\u0434\u044b, \u0430\u043a\u0443\u0441\u0442\u0438\u0447\u0435\u0441\u043a\u0438\u0435 \u043a\u0430\u043c\u0435\u0440\u044b, \u043e\u0431\u043e\u0440\u0443\u0434\u043e\u0432\u0430\u043d\u0438\u0435 \u0434\u043b\u044f \u043f\u0440\u043e\u0432\u0435\u0434\u0435\u043d\u0438\u044f \u043a\u0440\u0430\u0448-\u0442\u0435\u0441\u0442\u043e\u0432, \u043f\u043d\u0435\u0432\u043c\u0430\u0442\u0438\u0447\u0435\u0441\u043a\u0438\u0435 \u043f\u0443\u0441\u043a\u043e\u0432\u044b\u0435 \u0443\u0441\u0442\u0440\u043e\u0439\u0441\u0442\u0432\u0430.[\/vc_column_text][vc_column_text]<\/p>\n<h2>\u041d\u0430\u0448\u0438 \u043a\u043b\u0438\u0435\u043d\u0442\u044b<\/h2>\n<p>[\/vc_column_text][vc_single_image image=&#187;2629&#8243; img_size=&#187;&#187; alignment=&#187;center&#187;][\/vc_column][vc_column width=&#187;1\/3&#8243;][vc_single_image image=&#187;959&#8243; img_size=&#187;&#187; alignment=&#187;center&#187;][\/vc_column][\/vc_row]<\/p>\n<\/div>","protected":false},"excerpt":{"rendered":"<p>[vc_row][vc_column width=&#187;2\/3&#8243;][vc_column_text]\u041a\u043e\u043c\u043f\u0430\u043d\u0438\u044f S.E.R.E.M.E. (\u0424\u0440\u0430\u043d\u0446\u0438\u044f) \u0441 1976 \u0433\u043e\u0434\u0430 \u0440\u0430\u0437\u0440\u0430\u0431\u0430\u0442\u044b\u0432\u0430\u0435\u0442 \u0438 \u043f\u0440\u043e\u0438\u0437\u0432\u043e\u0434\u0438\u0442 \u0441\u043f\u0435\u0446\u0438\u0430\u043b\u0438\u0437\u0438\u0440\u043e\u0432\u0430\u043d\u043d\u043e\u0435 \u0442\u0435\u0445\u043d\u043e\u043b\u043e\u0433\u0438\u0447\u0435\u0441\u043a\u043e\u0435 \u043e\u0431\u043e\u0440\u0443\u0434\u043e\u0432\u0430\u043d\u0438\u0435 \u0438 \u043e\u0441\u043d\u0430\u0441\u0442\u043a\u0443 \u0434\u043b\u044f \u043f\u0440\u043e\u0432\u0435\u0434\u0435\u043d\u0438\u044f \u0430\u043a\u0443\u0441\u0442\u0438\u0447\u0435\u0441\u043a\u0438\u0445, \u0432\u0438\u0431\u0440\u0430\u0446\u0438\u043e\u043d\u043d\u044b\u0445 \u0438 \u0443\u0434\u0430\u0440\u043d\u044b\u0445 \u0438\u0441\u043f\u044b\u0442\u0430\u043d\u0438\u0439, \u0432 \u0442\u043e\u043c \u0447\u0438\u0441\u043b\u0435 \u0433\u043e\u0440\u0438\u0437\u043e\u043d\u0442\u0430\u043b\u044c\u043d\u044b\u0435 \u0441\u043a\u043e\u043b\u044c\u0437\u044f\u0449\u0438\u0435 \u0441\u0442\u043e\u043b\u044b \u0438 \u043f\u043b\u0430\u0442\u0444\u043e\u0440\u043c\u044b \u0434\u043b\u044f \u0434\u0438\u043d\u0430\u043c\u0438\u0447\u0435\u0441\u043a\u0438\u0445 \u0438\u0441\u043f\u044b\u0442\u0430\u043d\u0438\u0439 \u0441 \u043d\u0435\u0441\u043a\u043e\u043b\u044c\u043a\u0438\u043c\u0438 \u0441\u0442\u0435\u043f\u0435\u043d\u044f\u043c\u0438 \u0441\u0432\u043e\u0431\u043e\u0434\u044b, \u0430\u043a\u0443\u0441\u0442\u0438\u0447\u0435\u0441\u043a\u0438\u0435 \u043a\u0430\u043c\u0435\u0440\u044b, \u043e\u0431\u043e\u0440\u0443\u0434\u043e\u0432\u0430\u043d\u0438\u0435 \u0434\u043b\u044f \u043f\u0440\u043e\u0432\u0435\u0434\u0435\u043d\u0438\u044f \u043a\u0440\u0430\u0448-\u0442\u0435\u0441\u0442\u043e\u0432, \u043f\u043d\u0435\u0432\u043c\u0430\u0442\u0438\u0447\u0435\u0441\u043a\u0438\u0435 \u043f\u0443\u0441\u043a\u043e\u0432\u044b\u0435 \u0443\u0441\u0442\u0440\u043e\u0439\u0441\u0442\u0432\u0430.[\/vc_column_text][vc_column_text] \u041d\u0430\u0448\u0438 \u043a\u043b\u0438\u0435\u043d\u0442\u044b [\/vc_column_text][vc_single_image image=&#187;2629&#8243; img_size=&#187;&#187; alignment=&#187;center&#187;][\/vc_column][vc_column width=&#187;1\/3&#8243;][vc_single_image image=&#187;959&#8243; img_size=&#187;&#187; [&hellip;]<\/p>\n","protected":false},"author":1,"featured_media":0,"parent":0,"menu_order":0,"comment_status":"closed","ping_status":"closed","template":"","meta":{"footnotes":""},"class_list":["post-958","page","type-page","status-publish","hentry"],"yoast_head":"<!-- This site is optimized with the Yoast SEO plugin v24.3 - https:\/\/yoast.com\/wordpress\/plugins\/seo\/ -->\n<title>\u041e \u043d\u0430\u0441 - SEREME<\/title>\n<meta name=\"robots\" content=\"index, follow, max-snippet:-1, max-image-preview:large, max-video-preview:-1\" \/>\n<link rel=\"canonical\" href=\"https:\/\/www.sereme.com\/ru\/\u043e-\u043d\u0430\u0441\/\" \/>\n<meta property=\"og:locale\" content=\"ru_RU\" \/>\n<meta property=\"og:type\" content=\"article\" \/>\n<meta property=\"og:title\" content=\"\u041e \u043d\u0430\u0441 - SEREME\" \/>\n<meta property=\"og:description\" content=\"[vc_row][vc_column width=&#187;2\/3&#8243;][vc_column_text]\u041a\u043e\u043c\u043f\u0430\u043d\u0438\u044f S.E.R.E.M.E. (\u0424\u0440\u0430\u043d\u0446\u0438\u044f) \u0441 1976 \u0433\u043e\u0434\u0430 \u0440\u0430\u0437\u0440\u0430\u0431\u0430\u0442\u044b\u0432\u0430\u0435\u0442 \u0438 \u043f\u0440\u043e\u0438\u0437\u0432\u043e\u0434\u0438\u0442 \u0441\u043f\u0435\u0446\u0438\u0430\u043b\u0438\u0437\u0438\u0440\u043e\u0432\u0430\u043d\u043d\u043e\u0435 \u0442\u0435\u0445\u043d\u043e\u043b\u043e\u0433\u0438\u0447\u0435\u0441\u043a\u043e\u0435 \u043e\u0431\u043e\u0440\u0443\u0434\u043e\u0432\u0430\u043d\u0438\u0435 \u0438 \u043e\u0441\u043d\u0430\u0441\u0442\u043a\u0443 \u0434\u043b\u044f \u043f\u0440\u043e\u0432\u0435\u0434\u0435\u043d\u0438\u044f \u0430\u043a\u0443\u0441\u0442\u0438\u0447\u0435\u0441\u043a\u0438\u0445, \u0432\u0438\u0431\u0440\u0430\u0446\u0438\u043e\u043d\u043d\u044b\u0445 \u0438 \u0443\u0434\u0430\u0440\u043d\u044b\u0445 \u0438\u0441\u043f\u044b\u0442\u0430\u043d\u0438\u0439, \u0432 \u0442\u043e\u043c \u0447\u0438\u0441\u043b\u0435 \u0433\u043e\u0440\u0438\u0437\u043e\u043d\u0442\u0430\u043b\u044c\u043d\u044b\u0435 \u0441\u043a\u043e\u043b\u044c\u0437\u044f\u0449\u0438\u0435 \u0441\u0442\u043e\u043b\u044b \u0438 \u043f\u043b\u0430\u0442\u0444\u043e\u0440\u043c\u044b \u0434\u043b\u044f \u0434\u0438\u043d\u0430\u043c\u0438\u0447\u0435\u0441\u043a\u0438\u0445 \u0438\u0441\u043f\u044b\u0442\u0430\u043d\u0438\u0439 \u0441 \u043d\u0435\u0441\u043a\u043e\u043b\u044c\u043a\u0438\u043c\u0438 \u0441\u0442\u0435\u043f\u0435\u043d\u044f\u043c\u0438 \u0441\u0432\u043e\u0431\u043e\u0434\u044b, \u0430\u043a\u0443\u0441\u0442\u0438\u0447\u0435\u0441\u043a\u0438\u0435 \u043a\u0430\u043c\u0435\u0440\u044b, \u043e\u0431\u043e\u0440\u0443\u0434\u043e\u0432\u0430\u043d\u0438\u0435 \u0434\u043b\u044f \u043f\u0440\u043e\u0432\u0435\u0434\u0435\u043d\u0438\u044f \u043a\u0440\u0430\u0448-\u0442\u0435\u0441\u0442\u043e\u0432, \u043f\u043d\u0435\u0432\u043c\u0430\u0442\u0438\u0447\u0435\u0441\u043a\u0438\u0435 \u043f\u0443\u0441\u043a\u043e\u0432\u044b\u0435 \u0443\u0441\u0442\u0440\u043e\u0439\u0441\u0442\u0432\u0430.[\/vc_column_text][vc_column_text] \u041d\u0430\u0448\u0438 \u043a\u043b\u0438\u0435\u043d\u0442\u044b [\/vc_column_text][vc_single_image image=&#187;2629&#8243; img_size=&#187;&#187; alignment=&#187;center&#187;][\/vc_column][vc_column width=&#187;1\/3&#8243;][vc_single_image image=&#187;959&#8243; img_size=&#187;&#187; [&hellip;]\" \/>\n<meta property=\"og:url\" content=\"https:\/\/www.sereme.com\/ru\/\u043e-\u043d\u0430\u0441\/\" \/>\n<meta property=\"og:site_name\" content=\"SEREME\" \/>\n<meta property=\"article:modified_time\" content=\"2023-07-13T12:16:07+00:00\" \/>\n<meta name=\"twitter:card\" content=\"summary_large_image\" \/>\n<meta name=\"twitter:label1\" content=\"\u041f\u0440\u0438\u043c\u0435\u0440\u043d\u043e\u0435 \u0432\u0440\u0435\u043c\u044f \u0434\u043b\u044f \u0447\u0442\u0435\u043d\u0438\u044f\" \/>\n\t<meta name=\"twitter:data1\" content=\"1 \u043c\u0438\u043d\u0443\u0442\u0430\" \/>\n<script type=\"application\/ld+json\" class=\"yoast-schema-graph\">{\"@context\":\"https:\/\/schema.org\",\"@graph\":[{\"@type\":\"WebPage\",\"@id\":\"https:\/\/www.sereme.com\/ru\/%d0%be-%d0%bd%d0%b0%d1%81\/\",\"url\":\"https:\/\/www.sereme.com\/ru\/%d0%be-%d0%bd%d0%b0%d1%81\/\",\"name\":\"\u041e \u043d\u0430\u0441 - SEREME\",\"isPartOf\":{\"@id\":\"https:\/\/www.sereme.com\/#website\"},\"datePublished\":\"2017-12-20T15:54:31+00:00\",\"dateModified\":\"2023-07-13T12:16:07+00:00\",\"breadcrumb\":{\"@id\":\"https:\/\/www.sereme.com\/ru\/%d0%be-%d0%bd%d0%b0%d1%81\/#breadcrumb\"},\"inLanguage\":\"ru-RU\",\"potentialAction\":[{\"@type\":\"ReadAction\",\"target\":[\"https:\/\/www.sereme.com\/ru\/%d0%be-%d0%bd%d0%b0%d1%81\/\"]}]},{\"@type\":\"BreadcrumbList\",\"@id\":\"https:\/\/www.sereme.com\/ru\/%d0%be-%d0%bd%d0%b0%d1%81\/#breadcrumb\",\"itemListElement\":[{\"@type\":\"ListItem\",\"position\":1,\"name\":\"Accueil\",\"item\":\"https:\/\/www.sereme.com\/ru\/\"},{\"@type\":\"ListItem\",\"position\":2,\"name\":\"\u041e \u043d\u0430\u0441\"}]},{\"@type\":\"WebSite\",\"@id\":\"https:\/\/www.sereme.com\/#website\",\"url\":\"https:\/\/www.sereme.com\/\",\"name\":\"SEREME\",\"description\":\"Soci\u00e9t\u00e9 d&#039;\u00c9tudes et de R\u00e9alisations de Moyens d&#039;Essais\",\"publisher\":{\"@id\":\"https:\/\/www.sereme.com\/#organization\"},\"potentialAction\":[{\"@type\":\"SearchAction\",\"target\":{\"@type\":\"EntryPoint\",\"urlTemplate\":\"https:\/\/www.sereme.com\/?s={search_term_string}\"},\"query-input\":{\"@type\":\"PropertyValueSpecification\",\"valueRequired\":true,\"valueName\":\"search_term_string\"}}],\"inLanguage\":\"ru-RU\"},{\"@type\":\"Organization\",\"@id\":\"https:\/\/www.sereme.com\/#organization\",\"name\":\"Sereme\",\"url\":\"https:\/\/www.sereme.com\/\",\"logo\":{\"@type\":\"ImageObject\",\"inLanguage\":\"ru-RU\",\"@id\":\"https:\/\/www.sereme.com\/#\/schema\/logo\/image\/\",\"url\":\"https:\/\/www.sereme.com\/wp-content\/uploads\/2018\/01\/logo-sereme-hd.gif\",\"contentUrl\":\"https:\/\/www.sereme.com\/wp-content\/uploads\/2018\/01\/logo-sereme-hd.gif\",\"width\":1200,\"height\":300,\"caption\":\"Sereme\"},\"image\":{\"@id\":\"https:\/\/www.sereme.com\/#\/schema\/logo\/image\/\"}}]}<\/script>\n<!-- \/ Yoast SEO plugin. -->","yoast_head_json":{"title":"\u041e \u043d\u0430\u0441 - SEREME","robots":{"index":"index","follow":"follow","max-snippet":"max-snippet:-1","max-image-preview":"max-image-preview:large","max-video-preview":"max-video-preview:-1"},"canonical":"https:\/\/www.sereme.com\/ru\/\u043e-\u043d\u0430\u0441\/","og_locale":"ru_RU","og_type":"article","og_title":"\u041e \u043d\u0430\u0441 - SEREME","og_description":"[vc_row][vc_column width=&#187;2\/3&#8243;][vc_column_text]\u041a\u043e\u043c\u043f\u0430\u043d\u0438\u044f S.E.R.E.M.E. (\u0424\u0440\u0430\u043d\u0446\u0438\u044f) \u0441 1976 \u0433\u043e\u0434\u0430 \u0440\u0430\u0437\u0440\u0430\u0431\u0430\u0442\u044b\u0432\u0430\u0435\u0442 \u0438 \u043f\u0440\u043e\u0438\u0437\u0432\u043e\u0434\u0438\u0442 \u0441\u043f\u0435\u0446\u0438\u0430\u043b\u0438\u0437\u0438\u0440\u043e\u0432\u0430\u043d\u043d\u043e\u0435 \u0442\u0435\u0445\u043d\u043e\u043b\u043e\u0433\u0438\u0447\u0435\u0441\u043a\u043e\u0435 \u043e\u0431\u043e\u0440\u0443\u0434\u043e\u0432\u0430\u043d\u0438\u0435 \u0438 \u043e\u0441\u043d\u0430\u0441\u0442\u043a\u0443 \u0434\u043b\u044f \u043f\u0440\u043e\u0432\u0435\u0434\u0435\u043d\u0438\u044f \u0430\u043a\u0443\u0441\u0442\u0438\u0447\u0435\u0441\u043a\u0438\u0445, \u0432\u0438\u0431\u0440\u0430\u0446\u0438\u043e\u043d\u043d\u044b\u0445 \u0438 \u0443\u0434\u0430\u0440\u043d\u044b\u0445 \u0438\u0441\u043f\u044b\u0442\u0430\u043d\u0438\u0439, \u0432 \u0442\u043e\u043c \u0447\u0438\u0441\u043b\u0435 \u0433\u043e\u0440\u0438\u0437\u043e\u043d\u0442\u0430\u043b\u044c\u043d\u044b\u0435 \u0441\u043a\u043e\u043b\u044c\u0437\u044f\u0449\u0438\u0435 \u0441\u0442\u043e\u043b\u044b \u0438 \u043f\u043b\u0430\u0442\u0444\u043e\u0440\u043c\u044b \u0434\u043b\u044f \u0434\u0438\u043d\u0430\u043c\u0438\u0447\u0435\u0441\u043a\u0438\u0445 \u0438\u0441\u043f\u044b\u0442\u0430\u043d\u0438\u0439 \u0441 \u043d\u0435\u0441\u043a\u043e\u043b\u044c\u043a\u0438\u043c\u0438 \u0441\u0442\u0435\u043f\u0435\u043d\u044f\u043c\u0438 \u0441\u0432\u043e\u0431\u043e\u0434\u044b, \u0430\u043a\u0443\u0441\u0442\u0438\u0447\u0435\u0441\u043a\u0438\u0435 \u043a\u0430\u043c\u0435\u0440\u044b, \u043e\u0431\u043e\u0440\u0443\u0434\u043e\u0432\u0430\u043d\u0438\u0435 \u0434\u043b\u044f \u043f\u0440\u043e\u0432\u0435\u0434\u0435\u043d\u0438\u044f \u043a\u0440\u0430\u0448-\u0442\u0435\u0441\u0442\u043e\u0432, \u043f\u043d\u0435\u0432\u043c\u0430\u0442\u0438\u0447\u0435\u0441\u043a\u0438\u0435 \u043f\u0443\u0441\u043a\u043e\u0432\u044b\u0435 \u0443\u0441\u0442\u0440\u043e\u0439\u0441\u0442\u0432\u0430.[\/vc_column_text][vc_column_text] \u041d\u0430\u0448\u0438 \u043a\u043b\u0438\u0435\u043d\u0442\u044b [\/vc_column_text][vc_single_image image=&#187;2629&#8243; img_size=&#187;&#187; alignment=&#187;center&#187;][\/vc_column][vc_column width=&#187;1\/3&#8243;][vc_single_image image=&#187;959&#8243; img_size=&#187;&#187; [&hellip;]","og_url":"https:\/\/www.sereme.com\/ru\/\u043e-\u043d\u0430\u0441\/","og_site_name":"SEREME","article_modified_time":"2023-07-13T12:16:07+00:00","twitter_card":"summary_large_image","twitter_misc":{"\u041f\u0440\u0438\u043c\u0435\u0440\u043d\u043e\u0435 \u0432\u0440\u0435\u043c\u044f \u0434\u043b\u044f \u0447\u0442\u0435\u043d\u0438\u044f":"1 \u043c\u0438\u043d\u0443\u0442\u0430"},"schema":{"@context":"https:\/\/schema.org","@graph":[{"@type":"WebPage","@id":"https:\/\/www.sereme.com\/ru\/%d0%be-%d0%bd%d0%b0%d1%81\/","url":"https:\/\/www.sereme.com\/ru\/%d0%be-%d0%bd%d0%b0%d1%81\/","name":"\u041e \u043d\u0430\u0441 - SEREME","isPartOf":{"@id":"https:\/\/www.sereme.com\/#website"},"datePublished":"2017-12-20T15:54:31+00:00","dateModified":"2023-07-13T12:16:07+00:00","breadcrumb":{"@id":"https:\/\/www.sereme.com\/ru\/%d0%be-%d0%bd%d0%b0%d1%81\/#breadcrumb"},"inLanguage":"ru-RU","potentialAction":[{"@type":"ReadAction","target":["https:\/\/www.sereme.com\/ru\/%d0%be-%d0%bd%d0%b0%d1%81\/"]}]},{"@type":"BreadcrumbList","@id":"https:\/\/www.sereme.com\/ru\/%d0%be-%d0%bd%d0%b0%d1%81\/#breadcrumb","itemListElement":[{"@type":"ListItem","position":1,"name":"Accueil","item":"https:\/\/www.sereme.com\/ru\/"},{"@type":"ListItem","position":2,"name":"\u041e \u043d\u0430\u0441"}]},{"@type":"WebSite","@id":"https:\/\/www.sereme.com\/#website","url":"https:\/\/www.sereme.com\/","name":"SEREME","description":"Soci\u00e9t\u00e9 d&#039;\u00c9tudes et de R\u00e9alisations de Moyens d&#039;Essais","publisher":{"@id":"https:\/\/www.sereme.com\/#organization"},"potentialAction":[{"@type":"SearchAction","target":{"@type":"EntryPoint","urlTemplate":"https:\/\/www.sereme.com\/?s={search_term_string}"},"query-input":{"@type":"PropertyValueSpecification","valueRequired":true,"valueName":"search_term_string"}}],"inLanguage":"ru-RU"},{"@type":"Organization","@id":"https:\/\/www.sereme.com\/#organization","name":"Sereme","url":"https:\/\/www.sereme.com\/","logo":{"@type":"ImageObject","inLanguage":"ru-RU","@id":"https:\/\/www.sereme.com\/#\/schema\/logo\/image\/","url":"https:\/\/www.sereme.com\/wp-content\/uploads\/2018\/01\/logo-sereme-hd.gif","contentUrl":"https:\/\/www.sereme.com\/wp-content\/uploads\/2018\/01\/logo-sereme-hd.gif","width":1200,"height":300,"caption":"Sereme"},"image":{"@id":"https:\/\/www.sereme.com\/#\/schema\/logo\/image\/"}}]}},"_links":{"self":[{"href":"https:\/\/www.sereme.com\/ru\/wp-json\/wp\/v2\/pages\/958","targetHints":{"allow":["GET"]}}],"collection":[{"href":"https:\/\/www.sereme.com\/ru\/wp-json\/wp\/v2\/pages"}],"about":[{"href":"https:\/\/www.sereme.com\/ru\/wp-json\/wp\/v2\/types\/page"}],"author":[{"embeddable":true,"href":"https:\/\/www.sereme.com\/ru\/wp-json\/wp\/v2\/users\/1"}],"replies":[{"embeddable":true,"href":"https:\/\/www.sereme.com\/ru\/wp-json\/wp\/v2\/comments?post=958"}],"version-history":[{"count":4,"href":"https:\/\/www.sereme.com\/ru\/wp-json\/wp\/v2\/pages\/958\/revisions"}],"predecessor-version":[{"id":2632,"href":"https:\/\/www.sereme.com\/ru\/wp-json\/wp\/v2\/pages\/958\/revisions\/2632"}],"wp:attachment":[{"href":"https:\/\/www.sereme.com\/ru\/wp-json\/wp\/v2\/media?parent=958"}],"curies":[{"name":"wp","href":"https:\/\/api.w.org\/{rel}","templated":true}]}}