{"id":1701,"date":"2018-04-26T19:04:21","date_gmt":"2018-04-26T17:04:21","guid":{"rendered":"https:\/\/www.sereme.com\/?page_id=1701"},"modified":"2018-04-26T19:04:40","modified_gmt":"2018-04-26T17:04:40","slug":"%d1%82%d1%80%d0%b0%d0%bd%d1%81%d0%bf%d0%be%d1%80%d1%82-%d1%83%d0%bf%d0%b0%d0%ba%d0%be%d0%b2%d0%ba%d0%b0","status":"publish","type":"page","link":"https:\/\/www.sereme.com\/ru\/%d1%82%d1%80%d0%b0%d0%bd%d1%81%d0%bf%d0%be%d1%80%d1%82-%d1%83%d0%bf%d0%b0%d0%ba%d0%be%d0%b2%d0%ba%d0%b0\/","title":{"rendered":"\u0422\u0440\u0430\u043d\u0441\u043f\u043e\u0440\u0442 \/ \u0423\u043f\u0430\u043a\u043e\u0432\u043a\u0430"},"content":{"rendered":"<div class=\"wpb-content-wrapper\"><p>[vc_row][vc_column width=&#187;1\/3&#8243;][vc_row_inner][vc_column_inner el_class=&#187;bloc clair&#187;][vc_single_image image=&#187;1396&#8243; img_size=&#187;large&#187; alignment=&#187;center&#187;][\/vc_column_inner][\/vc_row_inner][\/vc_column][vc_column width=&#187;2\/3&#8243;][vc_column_text]SEREME \u043f\u043e\u043b\u043d\u043e\u0441\u0442\u044c\u044e \u0440\u0430\u0437\u0440\u0430\u0431\u043e\u0442\u0430\u043b \u0438\u0441\u043f\u044b\u0442\u0430\u0442\u0435\u043b\u044c\u043d\u044b\u0435 \u043b\u0430\u0431\u043e\u0440\u0430\u0442\u043e\u0440\u0438\u0438 \u0437\u0430 \u043f\u0440\u0435\u0434\u0435\u043b\u0430\u043c\u0438 \u0424\u0440\u0430\u043d\u0446\u0438\u0438 (\u041a\u0438\u0442\u0430\u0439, \u0415\u0433\u0438\u043f\u0435\u0442, \u0418\u043d\u0434\u043e\u043d\u0435\u0437\u0438\u044f, \u0422\u0443\u043d\u0438\u0441) \u0438 \u043f\u0440\u0435\u0434\u043b\u0430\u0433\u0430\u0435\u0442 \u043f\u043e\u043b\u043d\u044b\u0439 \u0441\u043f\u0435\u043a\u0442\u0440 \u043c\u0435\u0445\u0430\u043d\u0438\u0447\u0435\u0441\u043a\u0438\u0445 \u0438\u0441\u043f\u044b\u0442\u0430\u0442\u0435\u043b\u044c\u043d\u044b\u0445 \u0441\u0442\u0435\u043d\u0434\u043e\u0432.[\/vc_column_text][vc_column_text]<strong>\u0421\u0432\u044f\u0437\u0430\u043d\u043d\u044b\u0435 \u043c\u0430\u0442\u0435\u0440\u0438\u0430\u043b\u044b<\/strong>[\/vc_column_text][vc_row_inner][vc_column_inner width=&#187;1\/2&#8243;][vc_btn title=&#187;\u0420\u0435\u0448\u0435\u043d\u0438\u044f \u0434\u043b\u044f \u0430\u043a\u0443\u0441\u0442\u0438\u0447\u0435\u0441\u043a\u0438\u0445 \u0438\u0441\u043f\u044b\u0442\u0430\u043d\u0438\u0439&#187; style=&#187;custom&#187; custom_background=&#187;#2973b8&#8243; custom_text=&#187;#ffffff&#187; shape=&#187;square&#187; align=&#187;center&#187; button_block=&#187;true&#187; link=&#187;url:%2Fru%2F%25d1%2580%25d0%25b5%25d1%2588%25d0%25b5%25d0%25bd%25d0%25b8%25d1%258f-%25d0%25b4%25d0%25bb%25d1%258f-%25d0%25b0%25d0%25ba%25d1%2583%25d1%2581%25d1%2582%25d0%25b8%25d1%2587%25d0%25b5%25d1%2581%25d0%25ba%25d0%25b8%25d1%2585-%25d0%25b8%25d1%2581%25d0%25bf%25d1%258b%25d1%2582%25d0%25b0%25d0%25bd%25d0%25b8%25d0%25b9%2F|||&#187;][vc_btn title=&#187;\u041f\u0435\u0440\u0441\u043e\u043d\u0430\u043b\u0438\u0437\u0438\u0440\u043e\u0432\u0430\u043d\u043d\u044b\u0435 \u0441\u0442\u0435\u043d\u0434\u044b \u0434\u043b\u044f \u0434\u0438\u043d\u0430\u043c\u0438\u0447\u0435\u0441\u043a\u0438\u0445 \u0438\u0441\u043f\u044b\u0442\u0430\u043d\u0438\u0439&#187; style=&#187;custom&#187; custom_background=&#187;#2973b8&#8243; custom_text=&#187;#ffffff&#187; shape=&#187;square&#187; align=&#187;center&#187; button_block=&#187;true&#187; link=&#187;url:%2Fru%2F%25d0%25bf%25d0%25b5%25d1%2580%25d1%2581%25d0%25be%25d0%25bd%25d0%25b0%25d0%25bb%25d0%25b8%25d0%25b7%25d0%25b8%25d1%2580%25d0%25be%25d0%25b2%25d0%25b0%25d0%25bd%25d0%25bd%25d1%258b%25d0%25b5-%25d1%2581%25d1%2582%25d0%25b5%25d0%25bd%25d0%25b4%25d1%258b-%25d0%25b4%25d0%25bb%25d1%258f-%25d0%25b4%25d0%25b8%25d0%25bd%25d0%25b0%2F|||&#187;][vc_btn title=&#187;\u041c\u0438\u043a\u0440\u043e\u0432\u0438\u0431\u0440\u0430\u0446\u0438\u044f&#187; style=&#187;custom&#187; custom_background=&#187;#2973b8&#8243; custom_text=&#187;#ffffff&#187; shape=&#187;square&#187; align=&#187;center&#187; button_block=&#187;true&#187; link=&#187;url:%2Fru%2F%25d0%25bc%25d0%25b8%25d0%25ba%25d1%2580%25d0%25be%25d0%25b2%25d0%25b8%25d0%25b1%25d1%2580%25d0%25b0%25d1%2586%25d0%25b8%25d1%258f%2F|||&#187;][\/vc_column_inner][vc_column_inner width=&#187;1\/2&#8243;][vc_btn title=&#187;\u0420\u0435\u0448\u0435\u043d\u0438\u044f \u0434\u043b\u044f \u0443\u0434\u0430\u0440\u043d\u044b\u0445 \u0438\u0441\u043f\u044b\u0442\u0430\u043d\u0438\u0439&#187; style=&#187;custom&#187; custom_background=&#187;#2973b8&#8243; custom_text=&#187;#ffffff&#187; shape=&#187;square&#187; align=&#187;center&#187; button_block=&#187;true&#187; link=&#187;url:%2Fru%2F%25d1%2580%25d0%25b5%25d1%2588%25d0%25b5%25d0%25bd%25d0%25b8%25d1%258f-%25d0%25b4%25d0%25bb%25d1%258f-%25d1%2583%25d0%25b4%25d0%25b0%25d1%2580%25d0%25bd%25d1%258b%25d1%2585-%25d0%25b8%25d1%2581%25d0%25bf%25d1%258b%25d1%2582%25d0%25b0%25d0%25bd%25d0%25b8%25d0%25b9%2F|||&#187;][vc_btn title=&#187;\u0420\u0435\u0448\u0435\u043d\u0438\u044f \u0434\u043b\u044f \u0442\u0440\u0430\u043d\u0441\u043f\u043e\u0440\u0442\u0438\u0440\u043e\u0432\u043e\u0447\u043d\u044b\u0445 \u0438 \u0443\u043f\u0430\u043a\u043e\u0432\u043e\u0447\u043d\u044b\u0445 \u0438\u0441\u043f\u044b\u0442\u0430\u043d\u0438\u0439&#187; style=&#187;custom&#187; custom_background=&#187;#2973b8&#8243; custom_text=&#187;#ffffff&#187; shape=&#187;square&#187; align=&#187;center&#187; button_block=&#187;true&#187; link=&#187;url:%2Fru%2F%25d1%2580%25d0%25b5%25d1%2588%25d0%25b5%25d0%25bd%25d0%25b8%25d1%258f-%25d0%25b4%25d0%25bb%25d1%258f-%25d1%2582%25d1%2580%25d0%25b0%25d0%25bd%25d1%2581%25d0%25bf%25d0%25be%25d1%2580%25d1%2582%25d0%25b8%25d1%2580%25d0%25be%25d0%25b2%25d0%25be%25d1%2587%25d0%25bd%25d1%258b%25d1%2585-%25d0%25b8-%25d1%2583%25d0%25bf%25d0%25b0%2F|||&#187;][vc_btn title=&#187;\u044d\u043a\u0441\u043f\u0435\u0440\u0442\u0438\u0437\u0430, \u043a\u043e\u043d\u0441\u0430\u043b\u0442\u0438\u043d\u0433, \u0438\u0437\u043c\u0435\u0440\u0438\u0442\u0435\u043b\u044c\u043d\u044b\u0435 \u043a\u0430\u043c\u043f\u0430\u043d\u0438\u0438&#187; style=&#187;custom&#187; custom_background=&#187;#2973b8&#8243; custom_text=&#187;#ffffff&#187; shape=&#187;square&#187; align=&#187;center&#187; button_block=&#187;true&#187; link=&#187;url:%2Fru%2F%25d1%258d%25d0%25ba%25d1%2581%25d0%25bf%25d0%25b5%25d1%2580%25d1%2582%25d0%25b8%25d0%25b7%25d0%25b0-%25d0%25ba%25d0%25be%25d0%25bd%25d1%2581%25d0%25b0%25d0%25bb%25d1%2582%25d0%25b8%25d0%25bd%25d0%25b3-%25d0%25b8%25d0%25b7%25d0%25bc%25d0%25b5%25d1%2580%25d0%25b8%25d1%2582%25d0%25b5%25d0%25bb%25d1%258c%25d0%25bd%25d1%258b%2F|||&#187;][\/vc_column_inner][\/vc_row_inner][\/vc_column][\/vc_row]<\/p>\n<\/div>","protected":false},"excerpt":{"rendered":"<p>[vc_row][vc_column width=&#187;1\/3&#8243;][vc_row_inner][vc_column_inner el_class=&#187;bloc clair&#187;][vc_single_image image=&#187;1396&#8243; img_size=&#187;large&#187; alignment=&#187;center&#187;][\/vc_column_inner][\/vc_row_inner][\/vc_column][vc_column width=&#187;2\/3&#8243;][vc_column_text]SEREME \u043f\u043e\u043b\u043d\u043e\u0441\u0442\u044c\u044e \u0440\u0430\u0437\u0440\u0430\u0431\u043e\u0442\u0430\u043b \u0438\u0441\u043f\u044b\u0442\u0430\u0442\u0435\u043b\u044c\u043d\u044b\u0435 \u043b\u0430\u0431\u043e\u0440\u0430\u0442\u043e\u0440\u0438\u0438 \u0437\u0430 \u043f\u0440\u0435\u0434\u0435\u043b\u0430\u043c\u0438 \u0424\u0440\u0430\u043d\u0446\u0438\u0438 (\u041a\u0438\u0442\u0430\u0439, \u0415\u0433\u0438\u043f\u0435\u0442, \u0418\u043d\u0434\u043e\u043d\u0435\u0437\u0438\u044f, \u0422\u0443\u043d\u0438\u0441) \u0438 \u043f\u0440\u0435\u0434\u043b\u0430\u0433\u0430\u0435\u0442 \u043f\u043e\u043b\u043d\u044b\u0439 \u0441\u043f\u0435\u043a\u0442\u0440 \u043c\u0435\u0445\u0430\u043d\u0438\u0447\u0435\u0441\u043a\u0438\u0445 \u0438\u0441\u043f\u044b\u0442\u0430\u0442\u0435\u043b\u044c\u043d\u044b\u0445 \u0441\u0442\u0435\u043d\u0434\u043e\u0432.[\/vc_column_text][vc_column_text]\u0421\u0432\u044f\u0437\u0430\u043d\u043d\u044b\u0435 \u043c\u0430\u0442\u0435\u0440\u0438\u0430\u043b\u044b[\/vc_column_text][vc_row_inner][vc_column_inner width=&#187;1\/2&#8243;][vc_btn title=&#187;\u0420\u0435\u0448\u0435\u043d\u0438\u044f \u0434\u043b\u044f \u0430\u043a\u0443\u0441\u0442\u0438\u0447\u0435\u0441\u043a\u0438\u0445 \u0438\u0441\u043f\u044b\u0442\u0430\u043d\u0438\u0439&#187; style=&#187;custom&#187; custom_background=&#187;#2973b8&#8243; custom_text=&#187;#ffffff&#187; shape=&#187;square&#187; align=&#187;center&#187; button_block=&#187;true&#187; link=&#187;url:%2Fru%2F%25d1%2580%25d0%25b5%25d1%2588%25d0%25b5%25d0%25bd%25d0%25b8%25d1%258f-%25d0%25b4%25d0%25bb%25d1%258f-%25d0%25b0%25d0%25ba%25d1%2583%25d1%2581%25d1%2582%25d0%25b8%25d1%2587%25d0%25b5%25d1%2581%25d0%25ba%25d0%25b8%25d1%2585-%25d0%25b8%25d1%2581%25d0%25bf%25d1%258b%25d1%2582%25d0%25b0%25d0%25bd%25d0%25b8%25d0%25b9%2F|||&#187;][vc_btn title=&#187;\u041f\u0435\u0440\u0441\u043e\u043d\u0430\u043b\u0438\u0437\u0438\u0440\u043e\u0432\u0430\u043d\u043d\u044b\u0435 \u0441\u0442\u0435\u043d\u0434\u044b \u0434\u043b\u044f \u0434\u0438\u043d\u0430\u043c\u0438\u0447\u0435\u0441\u043a\u0438\u0445 \u0438\u0441\u043f\u044b\u0442\u0430\u043d\u0438\u0439&#187; style=&#187;custom&#187; custom_background=&#187;#2973b8&#8243; custom_text=&#187;#ffffff&#187; shape=&#187;square&#187; align=&#187;center&#187; button_block=&#187;true&#187; link=&#187;url:%2Fru%2F%25d0%25bf%25d0%25b5%25d1%2580%25d1%2581%25d0%25be%25d0%25bd%25d0%25b0%25d0%25bb%25d0%25b8%25d0%25b7%25d0%25b8%25d1%2580%25d0%25be%25d0%25b2%25d0%25b0%25d0%25bd%25d0%25bd%25d1%258b%25d0%25b5-%25d1%2581%25d1%2582%25d0%25b5%25d0%25bd%25d0%25b4%25d1%258b-%25d0%25b4%25d0%25bb%25d1%258f-%25d0%25b4%25d0%25b8%25d0%25bd%25d0%25b0%2F|||&#187;][vc_btn title=&#187;\u041c\u0438\u043a\u0440\u043e\u0432\u0438\u0431\u0440\u0430\u0446\u0438\u044f&#187; style=&#187;custom&#187; custom_background=&#187;#2973b8&#8243; custom_text=&#187;#ffffff&#187; [&hellip;]<\/p>\n","protected":false},"author":1,"featured_media":0,"parent":0,"menu_order":0,"comment_status":"closed","ping_status":"closed","template":"","meta":{"footnotes":""},"class_list":["post-1701","page","type-page","status-publish","hentry"],"yoast_head":"<!-- This site is optimized with the Yoast SEO plugin v24.3 - https:\/\/yoast.com\/wordpress\/plugins\/seo\/ -->\n<title>\u0422\u0440\u0430\u043d\u0441\u043f\u043e\u0440\u0442 \/ \u0423\u043f\u0430\u043a\u043e\u0432\u043a\u0430 - SEREME<\/title>\n<meta name=\"robots\" content=\"index, follow, max-snippet:-1, max-image-preview:large, max-video-preview:-1\" \/>\n<link rel=\"canonical\" href=\"https:\/\/www.sereme.com\/ru\/\u0442\u0440\u0430\u043d\u0441\u043f\u043e\u0440\u0442-\u0443\u043f\u0430\u043a\u043e\u0432\u043a\u0430\/\" \/>\n<meta property=\"og:locale\" content=\"ru_RU\" \/>\n<meta property=\"og:type\" content=\"article\" \/>\n<meta property=\"og:title\" content=\"\u0422\u0440\u0430\u043d\u0441\u043f\u043e\u0440\u0442 \/ \u0423\u043f\u0430\u043a\u043e\u0432\u043a\u0430 - SEREME\" \/>\n<meta property=\"og:description\" content=\"[vc_row][vc_column width=&#187;1\/3&#8243;][vc_row_inner][vc_column_inner el_class=&#187;bloc clair&#187;][vc_single_image image=&#187;1396&#8243; img_size=&#187;large&#187; alignment=&#187;center&#187;][\/vc_column_inner][\/vc_row_inner][\/vc_column][vc_column width=&#187;2\/3&#8243;][vc_column_text]SEREME \u043f\u043e\u043b\u043d\u043e\u0441\u0442\u044c\u044e \u0440\u0430\u0437\u0440\u0430\u0431\u043e\u0442\u0430\u043b \u0438\u0441\u043f\u044b\u0442\u0430\u0442\u0435\u043b\u044c\u043d\u044b\u0435 \u043b\u0430\u0431\u043e\u0440\u0430\u0442\u043e\u0440\u0438\u0438 \u0437\u0430 \u043f\u0440\u0435\u0434\u0435\u043b\u0430\u043c\u0438 \u0424\u0440\u0430\u043d\u0446\u0438\u0438 (\u041a\u0438\u0442\u0430\u0439, \u0415\u0433\u0438\u043f\u0435\u0442, \u0418\u043d\u0434\u043e\u043d\u0435\u0437\u0438\u044f, \u0422\u0443\u043d\u0438\u0441) \u0438 \u043f\u0440\u0435\u0434\u043b\u0430\u0433\u0430\u0435\u0442 \u043f\u043e\u043b\u043d\u044b\u0439 \u0441\u043f\u0435\u043a\u0442\u0440 \u043c\u0435\u0445\u0430\u043d\u0438\u0447\u0435\u0441\u043a\u0438\u0445 \u0438\u0441\u043f\u044b\u0442\u0430\u0442\u0435\u043b\u044c\u043d\u044b\u0445 \u0441\u0442\u0435\u043d\u0434\u043e\u0432.[\/vc_column_text][vc_column_text]\u0421\u0432\u044f\u0437\u0430\u043d\u043d\u044b\u0435 \u043c\u0430\u0442\u0435\u0440\u0438\u0430\u043b\u044b[\/vc_column_text][vc_row_inner][vc_column_inner width=&#187;1\/2&#8243;][vc_btn title=&#187;\u0420\u0435\u0448\u0435\u043d\u0438\u044f \u0434\u043b\u044f \u0430\u043a\u0443\u0441\u0442\u0438\u0447\u0435\u0441\u043a\u0438\u0445 \u0438\u0441\u043f\u044b\u0442\u0430\u043d\u0438\u0439&#187; style=&#187;custom&#187; custom_background=&#187;#2973b8&#8243; custom_text=&#187;#ffffff&#187; shape=&#187;square&#187; align=&#187;center&#187; button_block=&#187;true&#187; link=&#187;url:%2Fru%2F%25d1%2580%25d0%25b5%25d1%2588%25d0%25b5%25d0%25bd%25d0%25b8%25d1%258f-%25d0%25b4%25d0%25bb%25d1%258f-%25d0%25b0%25d0%25ba%25d1%2583%25d1%2581%25d1%2582%25d0%25b8%25d1%2587%25d0%25b5%25d1%2581%25d0%25ba%25d0%25b8%25d1%2585-%25d0%25b8%25d1%2581%25d0%25bf%25d1%258b%25d1%2582%25d0%25b0%25d0%25bd%25d0%25b8%25d0%25b9%2F|||&#187;][vc_btn title=&#187;\u041f\u0435\u0440\u0441\u043e\u043d\u0430\u043b\u0438\u0437\u0438\u0440\u043e\u0432\u0430\u043d\u043d\u044b\u0435 \u0441\u0442\u0435\u043d\u0434\u044b \u0434\u043b\u044f \u0434\u0438\u043d\u0430\u043c\u0438\u0447\u0435\u0441\u043a\u0438\u0445 \u0438\u0441\u043f\u044b\u0442\u0430\u043d\u0438\u0439&#187; style=&#187;custom&#187; custom_background=&#187;#2973b8&#8243; custom_text=&#187;#ffffff&#187; shape=&#187;square&#187; align=&#187;center&#187; button_block=&#187;true&#187; link=&#187;url:%2Fru%2F%25d0%25bf%25d0%25b5%25d1%2580%25d1%2581%25d0%25be%25d0%25bd%25d0%25b0%25d0%25bb%25d0%25b8%25d0%25b7%25d0%25b8%25d1%2580%25d0%25be%25d0%25b2%25d0%25b0%25d0%25bd%25d0%25bd%25d1%258b%25d0%25b5-%25d1%2581%25d1%2582%25d0%25b5%25d0%25bd%25d0%25b4%25d1%258b-%25d0%25b4%25d0%25bb%25d1%258f-%25d0%25b4%25d0%25b8%25d0%25bd%25d0%25b0%2F|||&#187;][vc_btn title=&#187;\u041c\u0438\u043a\u0440\u043e\u0432\u0438\u0431\u0440\u0430\u0446\u0438\u044f&#187; style=&#187;custom&#187; custom_background=&#187;#2973b8&#8243; custom_text=&#187;#ffffff&#187; [&hellip;]\" \/>\n<meta property=\"og:url\" content=\"https:\/\/www.sereme.com\/ru\/\u0442\u0440\u0430\u043d\u0441\u043f\u043e\u0440\u0442-\u0443\u043f\u0430\u043a\u043e\u0432\u043a\u0430\/\" \/>\n<meta property=\"og:site_name\" content=\"SEREME\" \/>\n<meta property=\"article:modified_time\" content=\"2018-04-26T17:04:40+00:00\" \/>\n<meta name=\"twitter:card\" content=\"summary_large_image\" \/>\n<meta name=\"twitter:label1\" content=\"\u041f\u0440\u0438\u043c\u0435\u0440\u043d\u043e\u0435 \u0432\u0440\u0435\u043c\u044f \u0434\u043b\u044f \u0447\u0442\u0435\u043d\u0438\u044f\" \/>\n\t<meta name=\"twitter:data1\" content=\"3 \u043c\u0438\u043d\u0443\u0442\u044b\" \/>\n<script type=\"application\/ld+json\" class=\"yoast-schema-graph\">{\"@context\":\"https:\/\/schema.org\",\"@graph\":[{\"@type\":\"WebPage\",\"@id\":\"https:\/\/www.sereme.com\/ru\/%d1%82%d1%80%d0%b0%d0%bd%d1%81%d0%bf%d0%be%d1%80%d1%82-%d1%83%d0%bf%d0%b0%d0%ba%d0%be%d0%b2%d0%ba%d0%b0\/\",\"url\":\"https:\/\/www.sereme.com\/ru\/%d1%82%d1%80%d0%b0%d0%bd%d1%81%d0%bf%d0%be%d1%80%d1%82-%d1%83%d0%bf%d0%b0%d0%ba%d0%be%d0%b2%d0%ba%d0%b0\/\",\"name\":\"\u0422\u0440\u0430\u043d\u0441\u043f\u043e\u0440\u0442 \/ \u0423\u043f\u0430\u043a\u043e\u0432\u043a\u0430 - SEREME\",\"isPartOf\":{\"@id\":\"https:\/\/www.sereme.com\/#website\"},\"datePublished\":\"2018-04-26T17:04:21+00:00\",\"dateModified\":\"2018-04-26T17:04:40+00:00\",\"breadcrumb\":{\"@id\":\"https:\/\/www.sereme.com\/ru\/%d1%82%d1%80%d0%b0%d0%bd%d1%81%d0%bf%d0%be%d1%80%d1%82-%d1%83%d0%bf%d0%b0%d0%ba%d0%be%d0%b2%d0%ba%d0%b0\/#breadcrumb\"},\"inLanguage\":\"ru-RU\",\"potentialAction\":[{\"@type\":\"ReadAction\",\"target\":[\"https:\/\/www.sereme.com\/ru\/%d1%82%d1%80%d0%b0%d0%bd%d1%81%d0%bf%d0%be%d1%80%d1%82-%d1%83%d0%bf%d0%b0%d0%ba%d0%be%d0%b2%d0%ba%d0%b0\/\"]}]},{\"@type\":\"BreadcrumbList\",\"@id\":\"https:\/\/www.sereme.com\/ru\/%d1%82%d1%80%d0%b0%d0%bd%d1%81%d0%bf%d0%be%d1%80%d1%82-%d1%83%d0%bf%d0%b0%d0%ba%d0%be%d0%b2%d0%ba%d0%b0\/#breadcrumb\",\"itemListElement\":[{\"@type\":\"ListItem\",\"position\":1,\"name\":\"Accueil\",\"item\":\"https:\/\/www.sereme.com\/ru\/\"},{\"@type\":\"ListItem\",\"position\":2,\"name\":\"\u0422\u0440\u0430\u043d\u0441\u043f\u043e\u0440\u0442 \/ \u0423\u043f\u0430\u043a\u043e\u0432\u043a\u0430\"}]},{\"@type\":\"WebSite\",\"@id\":\"https:\/\/www.sereme.com\/#website\",\"url\":\"https:\/\/www.sereme.com\/\",\"name\":\"SEREME\",\"description\":\"Soci\u00e9t\u00e9 d&#039;\u00c9tudes et de R\u00e9alisations de Moyens d&#039;Essais\",\"publisher\":{\"@id\":\"https:\/\/www.sereme.com\/#organization\"},\"potentialAction\":[{\"@type\":\"SearchAction\",\"target\":{\"@type\":\"EntryPoint\",\"urlTemplate\":\"https:\/\/www.sereme.com\/?s={search_term_string}\"},\"query-input\":{\"@type\":\"PropertyValueSpecification\",\"valueRequired\":true,\"valueName\":\"search_term_string\"}}],\"inLanguage\":\"ru-RU\"},{\"@type\":\"Organization\",\"@id\":\"https:\/\/www.sereme.com\/#organization\",\"name\":\"Sereme\",\"url\":\"https:\/\/www.sereme.com\/\",\"logo\":{\"@type\":\"ImageObject\",\"inLanguage\":\"ru-RU\",\"@id\":\"https:\/\/www.sereme.com\/#\/schema\/logo\/image\/\",\"url\":\"https:\/\/www.sereme.com\/wp-content\/uploads\/2018\/01\/logo-sereme-hd.gif\",\"contentUrl\":\"https:\/\/www.sereme.com\/wp-content\/uploads\/2018\/01\/logo-sereme-hd.gif\",\"width\":1200,\"height\":300,\"caption\":\"Sereme\"},\"image\":{\"@id\":\"https:\/\/www.sereme.com\/#\/schema\/logo\/image\/\"}}]}<\/script>\n<!-- \/ Yoast SEO plugin. -->","yoast_head_json":{"title":"\u0422\u0440\u0430\u043d\u0441\u043f\u043e\u0440\u0442 \/ \u0423\u043f\u0430\u043a\u043e\u0432\u043a\u0430 - SEREME","robots":{"index":"index","follow":"follow","max-snippet":"max-snippet:-1","max-image-preview":"max-image-preview:large","max-video-preview":"max-video-preview:-1"},"canonical":"https:\/\/www.sereme.com\/ru\/\u0442\u0440\u0430\u043d\u0441\u043f\u043e\u0440\u0442-\u0443\u043f\u0430\u043a\u043e\u0432\u043a\u0430\/","og_locale":"ru_RU","og_type":"article","og_title":"\u0422\u0440\u0430\u043d\u0441\u043f\u043e\u0440\u0442 \/ \u0423\u043f\u0430\u043a\u043e\u0432\u043a\u0430 - SEREME","og_description":"[vc_row][vc_column width=&#187;1\/3&#8243;][vc_row_inner][vc_column_inner el_class=&#187;bloc clair&#187;][vc_single_image image=&#187;1396&#8243; img_size=&#187;large&#187; alignment=&#187;center&#187;][\/vc_column_inner][\/vc_row_inner][\/vc_column][vc_column width=&#187;2\/3&#8243;][vc_column_text]SEREME \u043f\u043e\u043b\u043d\u043e\u0441\u0442\u044c\u044e \u0440\u0430\u0437\u0440\u0430\u0431\u043e\u0442\u0430\u043b \u0438\u0441\u043f\u044b\u0442\u0430\u0442\u0435\u043b\u044c\u043d\u044b\u0435 \u043b\u0430\u0431\u043e\u0440\u0430\u0442\u043e\u0440\u0438\u0438 \u0437\u0430 \u043f\u0440\u0435\u0434\u0435\u043b\u0430\u043c\u0438 \u0424\u0440\u0430\u043d\u0446\u0438\u0438 (\u041a\u0438\u0442\u0430\u0439, \u0415\u0433\u0438\u043f\u0435\u0442, \u0418\u043d\u0434\u043e\u043d\u0435\u0437\u0438\u044f, \u0422\u0443\u043d\u0438\u0441) \u0438 \u043f\u0440\u0435\u0434\u043b\u0430\u0433\u0430\u0435\u0442 \u043f\u043e\u043b\u043d\u044b\u0439 \u0441\u043f\u0435\u043a\u0442\u0440 \u043c\u0435\u0445\u0430\u043d\u0438\u0447\u0435\u0441\u043a\u0438\u0445 \u0438\u0441\u043f\u044b\u0442\u0430\u0442\u0435\u043b\u044c\u043d\u044b\u0445 \u0441\u0442\u0435\u043d\u0434\u043e\u0432.[\/vc_column_text][vc_column_text]\u0421\u0432\u044f\u0437\u0430\u043d\u043d\u044b\u0435 \u043c\u0430\u0442\u0435\u0440\u0438\u0430\u043b\u044b[\/vc_column_text][vc_row_inner][vc_column_inner width=&#187;1\/2&#8243;][vc_btn title=&#187;\u0420\u0435\u0448\u0435\u043d\u0438\u044f \u0434\u043b\u044f \u0430\u043a\u0443\u0441\u0442\u0438\u0447\u0435\u0441\u043a\u0438\u0445 \u0438\u0441\u043f\u044b\u0442\u0430\u043d\u0438\u0439&#187; style=&#187;custom&#187; custom_background=&#187;#2973b8&#8243; custom_text=&#187;#ffffff&#187; shape=&#187;square&#187; align=&#187;center&#187; button_block=&#187;true&#187; link=&#187;url:%2Fru%2F%25d1%2580%25d0%25b5%25d1%2588%25d0%25b5%25d0%25bd%25d0%25b8%25d1%258f-%25d0%25b4%25d0%25bb%25d1%258f-%25d0%25b0%25d0%25ba%25d1%2583%25d1%2581%25d1%2582%25d0%25b8%25d1%2587%25d0%25b5%25d1%2581%25d0%25ba%25d0%25b8%25d1%2585-%25d0%25b8%25d1%2581%25d0%25bf%25d1%258b%25d1%2582%25d0%25b0%25d0%25bd%25d0%25b8%25d0%25b9%2F|||&#187;][vc_btn title=&#187;\u041f\u0435\u0440\u0441\u043e\u043d\u0430\u043b\u0438\u0437\u0438\u0440\u043e\u0432\u0430\u043d\u043d\u044b\u0435 \u0441\u0442\u0435\u043d\u0434\u044b \u0434\u043b\u044f \u0434\u0438\u043d\u0430\u043c\u0438\u0447\u0435\u0441\u043a\u0438\u0445 \u0438\u0441\u043f\u044b\u0442\u0430\u043d\u0438\u0439&#187; style=&#187;custom&#187; custom_background=&#187;#2973b8&#8243; custom_text=&#187;#ffffff&#187; shape=&#187;square&#187; align=&#187;center&#187; button_block=&#187;true&#187; link=&#187;url:%2Fru%2F%25d0%25bf%25d0%25b5%25d1%2580%25d1%2581%25d0%25be%25d0%25bd%25d0%25b0%25d0%25bb%25d0%25b8%25d0%25b7%25d0%25b8%25d1%2580%25d0%25be%25d0%25b2%25d0%25b0%25d0%25bd%25d0%25bd%25d1%258b%25d0%25b5-%25d1%2581%25d1%2582%25d0%25b5%25d0%25bd%25d0%25b4%25d1%258b-%25d0%25b4%25d0%25bb%25d1%258f-%25d0%25b4%25d0%25b8%25d0%25bd%25d0%25b0%2F|||&#187;][vc_btn title=&#187;\u041c\u0438\u043a\u0440\u043e\u0432\u0438\u0431\u0440\u0430\u0446\u0438\u044f&#187; style=&#187;custom&#187; custom_background=&#187;#2973b8&#8243; custom_text=&#187;#ffffff&#187; [&hellip;]","og_url":"https:\/\/www.sereme.com\/ru\/\u0442\u0440\u0430\u043d\u0441\u043f\u043e\u0440\u0442-\u0443\u043f\u0430\u043a\u043e\u0432\u043a\u0430\/","og_site_name":"SEREME","article_modified_time":"2018-04-26T17:04:40+00:00","twitter_card":"summary_large_image","twitter_misc":{"\u041f\u0440\u0438\u043c\u0435\u0440\u043d\u043e\u0435 \u0432\u0440\u0435\u043c\u044f \u0434\u043b\u044f \u0447\u0442\u0435\u043d\u0438\u044f":"3 \u043c\u0438\u043d\u0443\u0442\u044b"},"schema":{"@context":"https:\/\/schema.org","@graph":[{"@type":"WebPage","@id":"https:\/\/www.sereme.com\/ru\/%d1%82%d1%80%d0%b0%d0%bd%d1%81%d0%bf%d0%be%d1%80%d1%82-%d1%83%d0%bf%d0%b0%d0%ba%d0%be%d0%b2%d0%ba%d0%b0\/","url":"https:\/\/www.sereme.com\/ru\/%d1%82%d1%80%d0%b0%d0%bd%d1%81%d0%bf%d0%be%d1%80%d1%82-%d1%83%d0%bf%d0%b0%d0%ba%d0%be%d0%b2%d0%ba%d0%b0\/","name":"\u0422\u0440\u0430\u043d\u0441\u043f\u043e\u0440\u0442 \/ \u0423\u043f\u0430\u043a\u043e\u0432\u043a\u0430 - SEREME","isPartOf":{"@id":"https:\/\/www.sereme.com\/#website"},"datePublished":"2018-04-26T17:04:21+00:00","dateModified":"2018-04-26T17:04:40+00:00","breadcrumb":{"@id":"https:\/\/www.sereme.com\/ru\/%d1%82%d1%80%d0%b0%d0%bd%d1%81%d0%bf%d0%be%d1%80%d1%82-%d1%83%d0%bf%d0%b0%d0%ba%d0%be%d0%b2%d0%ba%d0%b0\/#breadcrumb"},"inLanguage":"ru-RU","potentialAction":[{"@type":"ReadAction","target":["https:\/\/www.sereme.com\/ru\/%d1%82%d1%80%d0%b0%d0%bd%d1%81%d0%bf%d0%be%d1%80%d1%82-%d1%83%d0%bf%d0%b0%d0%ba%d0%be%d0%b2%d0%ba%d0%b0\/"]}]},{"@type":"BreadcrumbList","@id":"https:\/\/www.sereme.com\/ru\/%d1%82%d1%80%d0%b0%d0%bd%d1%81%d0%bf%d0%be%d1%80%d1%82-%d1%83%d0%bf%d0%b0%d0%ba%d0%be%d0%b2%d0%ba%d0%b0\/#breadcrumb","itemListElement":[{"@type":"ListItem","position":1,"name":"Accueil","item":"https:\/\/www.sereme.com\/ru\/"},{"@type":"ListItem","position":2,"name":"\u0422\u0440\u0430\u043d\u0441\u043f\u043e\u0440\u0442 \/ \u0423\u043f\u0430\u043a\u043e\u0432\u043a\u0430"}]},{"@type":"WebSite","@id":"https:\/\/www.sereme.com\/#website","url":"https:\/\/www.sereme.com\/","name":"SEREME","description":"Soci\u00e9t\u00e9 d&#039;\u00c9tudes et de R\u00e9alisations de Moyens d&#039;Essais","publisher":{"@id":"https:\/\/www.sereme.com\/#organization"},"potentialAction":[{"@type":"SearchAction","target":{"@type":"EntryPoint","urlTemplate":"https:\/\/www.sereme.com\/?s={search_term_string}"},"query-input":{"@type":"PropertyValueSpecification","valueRequired":true,"valueName":"search_term_string"}}],"inLanguage":"ru-RU"},{"@type":"Organization","@id":"https:\/\/www.sereme.com\/#organization","name":"Sereme","url":"https:\/\/www.sereme.com\/","logo":{"@type":"ImageObject","inLanguage":"ru-RU","@id":"https:\/\/www.sereme.com\/#\/schema\/logo\/image\/","url":"https:\/\/www.sereme.com\/wp-content\/uploads\/2018\/01\/logo-sereme-hd.gif","contentUrl":"https:\/\/www.sereme.com\/wp-content\/uploads\/2018\/01\/logo-sereme-hd.gif","width":1200,"height":300,"caption":"Sereme"},"image":{"@id":"https:\/\/www.sereme.com\/#\/schema\/logo\/image\/"}}]}},"_links":{"self":[{"href":"https:\/\/www.sereme.com\/ru\/wp-json\/wp\/v2\/pages\/1701","targetHints":{"allow":["GET"]}}],"collection":[{"href":"https:\/\/www.sereme.com\/ru\/wp-json\/wp\/v2\/pages"}],"about":[{"href":"https:\/\/www.sereme.com\/ru\/wp-json\/wp\/v2\/types\/page"}],"author":[{"embeddable":true,"href":"https:\/\/www.sereme.com\/ru\/wp-json\/wp\/v2\/users\/1"}],"replies":[{"embeddable":true,"href":"https:\/\/www.sereme.com\/ru\/wp-json\/wp\/v2\/comments?post=1701"}],"version-history":[{"count":1,"href":"https:\/\/www.sereme.com\/ru\/wp-json\/wp\/v2\/pages\/1701\/revisions"}],"predecessor-version":[{"id":1702,"href":"https:\/\/www.sereme.com\/ru\/wp-json\/wp\/v2\/pages\/1701\/revisions\/1702"}],"wp:attachment":[{"href":"https:\/\/www.sereme.com\/ru\/wp-json\/wp\/v2\/media?parent=1701"}],"curies":[{"name":"wp","href":"https:\/\/api.w.org\/{rel}","templated":true}]}}