{"id":1684,"date":"2018-04-26T18:37:36","date_gmt":"2018-04-26T16:37:36","guid":{"rendered":"https:\/\/www.sereme.com\/?page_id=1684"},"modified":"2018-04-26T18:37:36","modified_gmt":"2018-04-26T16:37:36","slug":"%d1%8d%d0%ba%d1%81%d0%bf%d0%b5%d1%80%d1%82%d0%b8%d0%b7%d0%b0-%d0%ba%d0%be%d0%bd%d1%81%d0%b0%d0%bb%d1%82%d0%b8%d0%bd%d0%b3-%d0%b8%d0%b7%d0%bc%d0%b5%d1%80%d0%b8%d1%82%d0%b5%d0%bb%d1%8c%d0%bd%d1%8b","status":"publish","type":"page","link":"https:\/\/www.sereme.com\/ru\/%d1%8d%d0%ba%d1%81%d0%bf%d0%b5%d1%80%d1%82%d0%b8%d0%b7%d0%b0-%d0%ba%d0%be%d0%bd%d1%81%d0%b0%d0%bb%d1%82%d0%b8%d0%bd%d0%b3-%d0%b8%d0%b7%d0%bc%d0%b5%d1%80%d0%b8%d1%82%d0%b5%d0%bb%d1%8c%d0%bd%d1%8b\/","title":{"rendered":"\u044d\u043a\u0441\u043f\u0435\u0440\u0442\u0438\u0437\u0430, \u043a\u043e\u043d\u0441\u0430\u043b\u0442\u0438\u043d\u0433, \u0438\u0437\u043c\u0435\u0440\u0438\u0442\u0435\u043b\u044c\u043d\u044b\u0435 \u043a\u0430\u043c\u043f\u0430\u043d\u0438\u0438"},"content":{"rendered":"<div class=\"wpb-content-wrapper\"><p>[vc_row][vc_column][vc_row_inner][vc_column_inner width=&#187;1\/6&#8243;][vc_single_image image=&#187;152&#8243; img_size=&#187;80&#215;80&#8243; alignment=&#187;center&#187;][\/vc_column_inner][vc_column_inner width=&#187;5\/6&#8243;][vc_column_text]\u0411\u043e\u043b\u044c\u0448\u043e\u0439 \u043e\u043f\u044b\u0442 \u043a\u043e\u043c\u043f\u0430\u043d\u0438\u0438 SEREME \u0432 \u043f\u043e\u0441\u0442\u0430\u0432\u043a\u0435 \u0434\u0438\u043d\u0430\u043c\u0438\u0447\u0435\u0441\u043a\u0438\u0445 \u0438\u0441\u043f\u044b\u0442\u0430\u0442\u0435\u043b\u044c\u043d\u044b\u0445 \u0440\u0435\u0448\u0435\u043d\u0438\u0439 \u043f\u043e\u0437\u0432\u043e\u043b\u044f\u0435\u0442 SEREME \u043f\u0440\u0435\u0434\u043b\u043e\u0436\u0438\u0442\u044c \u044d\u043a\u0441\u043f\u0435\u0440\u0442\u0438\u0437\u0443, \u0440\u0430\u0437\u0440\u0430\u0431\u043e\u0442\u043a\u0443 \u0442\u0435\u0445\u043d\u0438\u043a\u043e-\u044d\u043a\u043e\u043d\u043e\u043c\u0438\u0447\u0435\u0441\u043a\u043e\u0433\u043e \u043e\u0431\u043e\u0441\u043d\u043e\u0432\u0430\u043d\u0438\u044f \u0438\u043b\u0438 \u043a\u043e\u043d\u0441\u0443\u043b\u044c\u0442\u0438\u0440\u043e\u0432\u0430\u043d\u0438\u0435 \u0432 \u0434\u0430\u043d\u043d\u043e\u043c \u0441\u0435\u043a\u0442\u043e\u0440\u0435 \u0438\u043b\u0438 \u043d\u0430 \u0440\u0430\u043d\u043d\u0438\u0445 \u0441\u0442\u0430\u0434\u0438\u044f\u0445 \u043f\u0440\u043e\u0435\u043a\u0442\u0430 (\u0422\u042d\u041e \u043f\u0440\u0435\u0434\u0432\u0430\u0440\u0438\u0442\u0435\u043b\u044c\u043d\u0430\u044f \u0434\u043e\u043a\u0443\u043c\u0435\u043d\u0442\u0430\u0446\u0438\u044f &#8230;), \u043b\u0438\u0431\u043e \u0432 \u043e\u0447\u0435\u043d\u044c \u043f\u043e\u0437\u0434\u043d\u0435\u0439 \u0441\u0442\u0430\u0434\u0438\u0438 (\u0434\u0438\u0430\u0433\u043d\u043e\u0441\u0442\u0438\u043a\u0430 \u0438\u0437\u043c\u0435\u0440\u0435\u043d\u0438\u0439, \u0447\u0442\u043e\u0431\u044b \u0443\u043b\u0443\u0447\u0448\u0438\u0442\u044c \u0441\u0443\u0449\u0435\u0441\u0442\u0432\u0443\u044e\u0449\u0438\u0435 \u0440\u0435\u0448\u0435\u043d\u0438\u044f \u0441\u0434\u0435\u043b\u0430\u043d\u043d\u044b\u0435 20 \u0438\u043b\u0438 30 \u043b\u0435\u0442 \u043d\u0430\u0437\u0430\u0434).[\/vc_column_text][\/vc_column_inner][\/vc_row_inner][\/vc_column][\/vc_row]<\/p>\n<\/div>","protected":false},"excerpt":{"rendered":"<p>[vc_row][vc_column][vc_row_inner][vc_column_inner width=&#187;1\/6&#8243;][vc_single_image image=&#187;152&#8243; img_size=&#187;80&#215;80&#8243; alignment=&#187;center&#187;][\/vc_column_inner][vc_column_inner width=&#187;5\/6&#8243;][vc_column_text]\u0411\u043e\u043b\u044c\u0448\u043e\u0439 \u043e\u043f\u044b\u0442 \u043a\u043e\u043c\u043f\u0430\u043d\u0438\u0438 SEREME \u0432 \u043f\u043e\u0441\u0442\u0430\u0432\u043a\u0435 \u0434\u0438\u043d\u0430\u043c\u0438\u0447\u0435\u0441\u043a\u0438\u0445 \u0438\u0441\u043f\u044b\u0442\u0430\u0442\u0435\u043b\u044c\u043d\u044b\u0445 \u0440\u0435\u0448\u0435\u043d\u0438\u0439 \u043f\u043e\u0437\u0432\u043e\u043b\u044f\u0435\u0442 SEREME \u043f\u0440\u0435\u0434\u043b\u043e\u0436\u0438\u0442\u044c \u044d\u043a\u0441\u043f\u0435\u0440\u0442\u0438\u0437\u0443, \u0440\u0430\u0437\u0440\u0430\u0431\u043e\u0442\u043a\u0443 \u0442\u0435\u0445\u043d\u0438\u043a\u043e-\u044d\u043a\u043e\u043d\u043e\u043c\u0438\u0447\u0435\u0441\u043a\u043e\u0433\u043e \u043e\u0431\u043e\u0441\u043d\u043e\u0432\u0430\u043d\u0438\u044f \u0438\u043b\u0438 \u043a\u043e\u043d\u0441\u0443\u043b\u044c\u0442\u0438\u0440\u043e\u0432\u0430\u043d\u0438\u0435 \u0432 \u0434\u0430\u043d\u043d\u043e\u043c \u0441\u0435\u043a\u0442\u043e\u0440\u0435 \u0438\u043b\u0438 \u043d\u0430 \u0440\u0430\u043d\u043d\u0438\u0445 \u0441\u0442\u0430\u0434\u0438\u044f\u0445 \u043f\u0440\u043e\u0435\u043a\u0442\u0430 (\u0422\u042d\u041e \u043f\u0440\u0435\u0434\u0432\u0430\u0440\u0438\u0442\u0435\u043b\u044c\u043d\u0430\u044f \u0434\u043e\u043a\u0443\u043c\u0435\u043d\u0442\u0430\u0446\u0438\u044f &#8230;), \u043b\u0438\u0431\u043e \u0432 \u043e\u0447\u0435\u043d\u044c \u043f\u043e\u0437\u0434\u043d\u0435\u0439 \u0441\u0442\u0430\u0434\u0438\u0438 (\u0434\u0438\u0430\u0433\u043d\u043e\u0441\u0442\u0438\u043a\u0430 \u0438\u0437\u043c\u0435\u0440\u0435\u043d\u0438\u0439, \u0447\u0442\u043e\u0431\u044b \u0443\u043b\u0443\u0447\u0448\u0438\u0442\u044c \u0441\u0443\u0449\u0435\u0441\u0442\u0432\u0443\u044e\u0449\u0438\u0435 \u0440\u0435\u0448\u0435\u043d\u0438\u044f \u0441\u0434\u0435\u043b\u0430\u043d\u043d\u044b\u0435 20 \u0438\u043b\u0438 30 \u043b\u0435\u0442 \u043d\u0430\u0437\u0430\u0434).[\/vc_column_text][\/vc_column_inner][\/vc_row_inner][\/vc_column][\/vc_row]<\/p>\n","protected":false},"author":1,"featured_media":0,"parent":0,"menu_order":0,"comment_status":"closed","ping_status":"closed","template":"","meta":{"footnotes":""},"class_list":["post-1684","page","type-page","status-publish","hentry"],"yoast_head":"<!-- This site is optimized with the Yoast SEO plugin v24.3 - https:\/\/yoast.com\/wordpress\/plugins\/seo\/ -->\n<title>\u044d\u043a\u0441\u043f\u0435\u0440\u0442\u0438\u0437\u0430, \u043a\u043e\u043d\u0441\u0430\u043b\u0442\u0438\u043d\u0433, \u0438\u0437\u043c\u0435\u0440\u0438\u0442\u0435\u043b\u044c\u043d\u044b\u0435 \u043a\u0430\u043c\u043f\u0430\u043d\u0438\u0438 - SEREME<\/title>\n<meta name=\"robots\" content=\"index, follow, max-snippet:-1, max-image-preview:large, max-video-preview:-1\" \/>\n<link rel=\"canonical\" href=\"https:\/\/www.sereme.com\/ru\/\u044d\u043a\u0441\u043f\u0435\u0440\u0442\u0438\u0437\u0430-\u043a\u043e\u043d\u0441\u0430\u043b\u0442\u0438\u043d\u0433-\u0438\u0437\u043c\u0435\u0440\u0438\u0442\u0435\u043b\u044c\u043d\u044b\/\" \/>\n<meta property=\"og:locale\" content=\"ru_RU\" \/>\n<meta property=\"og:type\" content=\"article\" \/>\n<meta property=\"og:title\" content=\"\u044d\u043a\u0441\u043f\u0435\u0440\u0442\u0438\u0437\u0430, \u043a\u043e\u043d\u0441\u0430\u043b\u0442\u0438\u043d\u0433, \u0438\u0437\u043c\u0435\u0440\u0438\u0442\u0435\u043b\u044c\u043d\u044b\u0435 \u043a\u0430\u043c\u043f\u0430\u043d\u0438\u0438 - SEREME\" \/>\n<meta property=\"og:description\" content=\"[vc_row][vc_column][vc_row_inner][vc_column_inner width=&#187;1\/6&#8243;][vc_single_image image=&#187;152&#8243; img_size=&#187;80&#215;80&#8243; alignment=&#187;center&#187;][\/vc_column_inner][vc_column_inner width=&#187;5\/6&#8243;][vc_column_text]\u0411\u043e\u043b\u044c\u0448\u043e\u0439 \u043e\u043f\u044b\u0442 \u043a\u043e\u043c\u043f\u0430\u043d\u0438\u0438 SEREME \u0432 \u043f\u043e\u0441\u0442\u0430\u0432\u043a\u0435 \u0434\u0438\u043d\u0430\u043c\u0438\u0447\u0435\u0441\u043a\u0438\u0445 \u0438\u0441\u043f\u044b\u0442\u0430\u0442\u0435\u043b\u044c\u043d\u044b\u0445 \u0440\u0435\u0448\u0435\u043d\u0438\u0439 \u043f\u043e\u0437\u0432\u043e\u043b\u044f\u0435\u0442 SEREME \u043f\u0440\u0435\u0434\u043b\u043e\u0436\u0438\u0442\u044c \u044d\u043a\u0441\u043f\u0435\u0440\u0442\u0438\u0437\u0443, \u0440\u0430\u0437\u0440\u0430\u0431\u043e\u0442\u043a\u0443 \u0442\u0435\u0445\u043d\u0438\u043a\u043e-\u044d\u043a\u043e\u043d\u043e\u043c\u0438\u0447\u0435\u0441\u043a\u043e\u0433\u043e \u043e\u0431\u043e\u0441\u043d\u043e\u0432\u0430\u043d\u0438\u044f \u0438\u043b\u0438 \u043a\u043e\u043d\u0441\u0443\u043b\u044c\u0442\u0438\u0440\u043e\u0432\u0430\u043d\u0438\u0435 \u0432 \u0434\u0430\u043d\u043d\u043e\u043c \u0441\u0435\u043a\u0442\u043e\u0440\u0435 \u0438\u043b\u0438 \u043d\u0430 \u0440\u0430\u043d\u043d\u0438\u0445 \u0441\u0442\u0430\u0434\u0438\u044f\u0445 \u043f\u0440\u043e\u0435\u043a\u0442\u0430 (\u0422\u042d\u041e \u043f\u0440\u0435\u0434\u0432\u0430\u0440\u0438\u0442\u0435\u043b\u044c\u043d\u0430\u044f \u0434\u043e\u043a\u0443\u043c\u0435\u043d\u0442\u0430\u0446\u0438\u044f &#8230;), \u043b\u0438\u0431\u043e \u0432 \u043e\u0447\u0435\u043d\u044c \u043f\u043e\u0437\u0434\u043d\u0435\u0439 \u0441\u0442\u0430\u0434\u0438\u0438 (\u0434\u0438\u0430\u0433\u043d\u043e\u0441\u0442\u0438\u043a\u0430 \u0438\u0437\u043c\u0435\u0440\u0435\u043d\u0438\u0439, \u0447\u0442\u043e\u0431\u044b \u0443\u043b\u0443\u0447\u0448\u0438\u0442\u044c \u0441\u0443\u0449\u0435\u0441\u0442\u0432\u0443\u044e\u0449\u0438\u0435 \u0440\u0435\u0448\u0435\u043d\u0438\u044f \u0441\u0434\u0435\u043b\u0430\u043d\u043d\u044b\u0435 20 \u0438\u043b\u0438 30 \u043b\u0435\u0442 \u043d\u0430\u0437\u0430\u0434).[\/vc_column_text][\/vc_column_inner][\/vc_row_inner][\/vc_column][\/vc_row]\" \/>\n<meta property=\"og:url\" content=\"https:\/\/www.sereme.com\/ru\/\u044d\u043a\u0441\u043f\u0435\u0440\u0442\u0438\u0437\u0430-\u043a\u043e\u043d\u0441\u0430\u043b\u0442\u0438\u043d\u0433-\u0438\u0437\u043c\u0435\u0440\u0438\u0442\u0435\u043b\u044c\u043d\u044b\/\" \/>\n<meta property=\"og:site_name\" content=\"SEREME\" \/>\n<meta name=\"twitter:card\" content=\"summary_large_image\" \/>\n<script type=\"application\/ld+json\" class=\"yoast-schema-graph\">{\"@context\":\"https:\/\/schema.org\",\"@graph\":[{\"@type\":\"WebPage\",\"@id\":\"https:\/\/www.sereme.com\/ru\/%d1%8d%d0%ba%d1%81%d0%bf%d0%b5%d1%80%d1%82%d0%b8%d0%b7%d0%b0-%d0%ba%d0%be%d0%bd%d1%81%d0%b0%d0%bb%d1%82%d0%b8%d0%bd%d0%b3-%d0%b8%d0%b7%d0%bc%d0%b5%d1%80%d0%b8%d1%82%d0%b5%d0%bb%d1%8c%d0%bd%d1%8b\/\",\"url\":\"https:\/\/www.sereme.com\/ru\/%d1%8d%d0%ba%d1%81%d0%bf%d0%b5%d1%80%d1%82%d0%b8%d0%b7%d0%b0-%d0%ba%d0%be%d0%bd%d1%81%d0%b0%d0%bb%d1%82%d0%b8%d0%bd%d0%b3-%d0%b8%d0%b7%d0%bc%d0%b5%d1%80%d0%b8%d1%82%d0%b5%d0%bb%d1%8c%d0%bd%d1%8b\/\",\"name\":\"\u044d\u043a\u0441\u043f\u0435\u0440\u0442\u0438\u0437\u0430, \u043a\u043e\u043d\u0441\u0430\u043b\u0442\u0438\u043d\u0433, \u0438\u0437\u043c\u0435\u0440\u0438\u0442\u0435\u043b\u044c\u043d\u044b\u0435 \u043a\u0430\u043c\u043f\u0430\u043d\u0438\u0438 - SEREME\",\"isPartOf\":{\"@id\":\"https:\/\/www.sereme.com\/#website\"},\"datePublished\":\"2018-04-26T16:37:36+00:00\",\"dateModified\":\"2018-04-26T16:37:36+00:00\",\"breadcrumb\":{\"@id\":\"https:\/\/www.sereme.com\/ru\/%d1%8d%d0%ba%d1%81%d0%bf%d0%b5%d1%80%d1%82%d0%b8%d0%b7%d0%b0-%d0%ba%d0%be%d0%bd%d1%81%d0%b0%d0%bb%d1%82%d0%b8%d0%bd%d0%b3-%d0%b8%d0%b7%d0%bc%d0%b5%d1%80%d0%b8%d1%82%d0%b5%d0%bb%d1%8c%d0%bd%d1%8b\/#breadcrumb\"},\"inLanguage\":\"ru-RU\",\"potentialAction\":[{\"@type\":\"ReadAction\",\"target\":[\"https:\/\/www.sereme.com\/ru\/%d1%8d%d0%ba%d1%81%d0%bf%d0%b5%d1%80%d1%82%d0%b8%d0%b7%d0%b0-%d0%ba%d0%be%d0%bd%d1%81%d0%b0%d0%bb%d1%82%d0%b8%d0%bd%d0%b3-%d0%b8%d0%b7%d0%bc%d0%b5%d1%80%d0%b8%d1%82%d0%b5%d0%bb%d1%8c%d0%bd%d1%8b\/\"]}]},{\"@type\":\"BreadcrumbList\",\"@id\":\"https:\/\/www.sereme.com\/ru\/%d1%8d%d0%ba%d1%81%d0%bf%d0%b5%d1%80%d1%82%d0%b8%d0%b7%d0%b0-%d0%ba%d0%be%d0%bd%d1%81%d0%b0%d0%bb%d1%82%d0%b8%d0%bd%d0%b3-%d0%b8%d0%b7%d0%bc%d0%b5%d1%80%d0%b8%d1%82%d0%b5%d0%bb%d1%8c%d0%bd%d1%8b\/#breadcrumb\",\"itemListElement\":[{\"@type\":\"ListItem\",\"position\":1,\"name\":\"Accueil\",\"item\":\"https:\/\/www.sereme.com\/ru\/\"},{\"@type\":\"ListItem\",\"position\":2,\"name\":\"\u044d\u043a\u0441\u043f\u0435\u0440\u0442\u0438\u0437\u0430, \u043a\u043e\u043d\u0441\u0430\u043b\u0442\u0438\u043d\u0433, \u0438\u0437\u043c\u0435\u0440\u0438\u0442\u0435\u043b\u044c\u043d\u044b\u0435 \u043a\u0430\u043c\u043f\u0430\u043d\u0438\u0438\"}]},{\"@type\":\"WebSite\",\"@id\":\"https:\/\/www.sereme.com\/#website\",\"url\":\"https:\/\/www.sereme.com\/\",\"name\":\"SEREME\",\"description\":\"Soci\u00e9t\u00e9 d&#039;\u00c9tudes et de R\u00e9alisations de Moyens d&#039;Essais\",\"publisher\":{\"@id\":\"https:\/\/www.sereme.com\/#organization\"},\"potentialAction\":[{\"@type\":\"SearchAction\",\"target\":{\"@type\":\"EntryPoint\",\"urlTemplate\":\"https:\/\/www.sereme.com\/?s={search_term_string}\"},\"query-input\":{\"@type\":\"PropertyValueSpecification\",\"valueRequired\":true,\"valueName\":\"search_term_string\"}}],\"inLanguage\":\"ru-RU\"},{\"@type\":\"Organization\",\"@id\":\"https:\/\/www.sereme.com\/#organization\",\"name\":\"Sereme\",\"url\":\"https:\/\/www.sereme.com\/\",\"logo\":{\"@type\":\"ImageObject\",\"inLanguage\":\"ru-RU\",\"@id\":\"https:\/\/www.sereme.com\/#\/schema\/logo\/image\/\",\"url\":\"https:\/\/www.sereme.com\/wp-content\/uploads\/2018\/01\/logo-sereme-hd.gif\",\"contentUrl\":\"https:\/\/www.sereme.com\/wp-content\/uploads\/2018\/01\/logo-sereme-hd.gif\",\"width\":1200,\"height\":300,\"caption\":\"Sereme\"},\"image\":{\"@id\":\"https:\/\/www.sereme.com\/#\/schema\/logo\/image\/\"}}]}<\/script>\n<!-- \/ Yoast SEO plugin. -->","yoast_head_json":{"title":"\u044d\u043a\u0441\u043f\u0435\u0440\u0442\u0438\u0437\u0430, \u043a\u043e\u043d\u0441\u0430\u043b\u0442\u0438\u043d\u0433, \u0438\u0437\u043c\u0435\u0440\u0438\u0442\u0435\u043b\u044c\u043d\u044b\u0435 \u043a\u0430\u043c\u043f\u0430\u043d\u0438\u0438 - SEREME","robots":{"index":"index","follow":"follow","max-snippet":"max-snippet:-1","max-image-preview":"max-image-preview:large","max-video-preview":"max-video-preview:-1"},"canonical":"https:\/\/www.sereme.com\/ru\/\u044d\u043a\u0441\u043f\u0435\u0440\u0442\u0438\u0437\u0430-\u043a\u043e\u043d\u0441\u0430\u043b\u0442\u0438\u043d\u0433-\u0438\u0437\u043c\u0435\u0440\u0438\u0442\u0435\u043b\u044c\u043d\u044b\/","og_locale":"ru_RU","og_type":"article","og_title":"\u044d\u043a\u0441\u043f\u0435\u0440\u0442\u0438\u0437\u0430, \u043a\u043e\u043d\u0441\u0430\u043b\u0442\u0438\u043d\u0433, \u0438\u0437\u043c\u0435\u0440\u0438\u0442\u0435\u043b\u044c\u043d\u044b\u0435 \u043a\u0430\u043c\u043f\u0430\u043d\u0438\u0438 - SEREME","og_description":"[vc_row][vc_column][vc_row_inner][vc_column_inner width=&#187;1\/6&#8243;][vc_single_image image=&#187;152&#8243; img_size=&#187;80&#215;80&#8243; alignment=&#187;center&#187;][\/vc_column_inner][vc_column_inner width=&#187;5\/6&#8243;][vc_column_text]\u0411\u043e\u043b\u044c\u0448\u043e\u0439 \u043e\u043f\u044b\u0442 \u043a\u043e\u043c\u043f\u0430\u043d\u0438\u0438 SEREME \u0432 \u043f\u043e\u0441\u0442\u0430\u0432\u043a\u0435 \u0434\u0438\u043d\u0430\u043c\u0438\u0447\u0435\u0441\u043a\u0438\u0445 \u0438\u0441\u043f\u044b\u0442\u0430\u0442\u0435\u043b\u044c\u043d\u044b\u0445 \u0440\u0435\u0448\u0435\u043d\u0438\u0439 \u043f\u043e\u0437\u0432\u043e\u043b\u044f\u0435\u0442 SEREME \u043f\u0440\u0435\u0434\u043b\u043e\u0436\u0438\u0442\u044c \u044d\u043a\u0441\u043f\u0435\u0440\u0442\u0438\u0437\u0443, \u0440\u0430\u0437\u0440\u0430\u0431\u043e\u0442\u043a\u0443 \u0442\u0435\u0445\u043d\u0438\u043a\u043e-\u044d\u043a\u043e\u043d\u043e\u043c\u0438\u0447\u0435\u0441\u043a\u043e\u0433\u043e \u043e\u0431\u043e\u0441\u043d\u043e\u0432\u0430\u043d\u0438\u044f \u0438\u043b\u0438 \u043a\u043e\u043d\u0441\u0443\u043b\u044c\u0442\u0438\u0440\u043e\u0432\u0430\u043d\u0438\u0435 \u0432 \u0434\u0430\u043d\u043d\u043e\u043c \u0441\u0435\u043a\u0442\u043e\u0440\u0435 \u0438\u043b\u0438 \u043d\u0430 \u0440\u0430\u043d\u043d\u0438\u0445 \u0441\u0442\u0430\u0434\u0438\u044f\u0445 \u043f\u0440\u043e\u0435\u043a\u0442\u0430 (\u0422\u042d\u041e \u043f\u0440\u0435\u0434\u0432\u0430\u0440\u0438\u0442\u0435\u043b\u044c\u043d\u0430\u044f \u0434\u043e\u043a\u0443\u043c\u0435\u043d\u0442\u0430\u0446\u0438\u044f &#8230;), \u043b\u0438\u0431\u043e \u0432 \u043e\u0447\u0435\u043d\u044c \u043f\u043e\u0437\u0434\u043d\u0435\u0439 \u0441\u0442\u0430\u0434\u0438\u0438 (\u0434\u0438\u0430\u0433\u043d\u043e\u0441\u0442\u0438\u043a\u0430 \u0438\u0437\u043c\u0435\u0440\u0435\u043d\u0438\u0439, \u0447\u0442\u043e\u0431\u044b \u0443\u043b\u0443\u0447\u0448\u0438\u0442\u044c \u0441\u0443\u0449\u0435\u0441\u0442\u0432\u0443\u044e\u0449\u0438\u0435 \u0440\u0435\u0448\u0435\u043d\u0438\u044f \u0441\u0434\u0435\u043b\u0430\u043d\u043d\u044b\u0435 20 \u0438\u043b\u0438 30 \u043b\u0435\u0442 \u043d\u0430\u0437\u0430\u0434).[\/vc_column_text][\/vc_column_inner][\/vc_row_inner][\/vc_column][\/vc_row]","og_url":"https:\/\/www.sereme.com\/ru\/\u044d\u043a\u0441\u043f\u0435\u0440\u0442\u0438\u0437\u0430-\u043a\u043e\u043d\u0441\u0430\u043b\u0442\u0438\u043d\u0433-\u0438\u0437\u043c\u0435\u0440\u0438\u0442\u0435\u043b\u044c\u043d\u044b\/","og_site_name":"SEREME","twitter_card":"summary_large_image","schema":{"@context":"https:\/\/schema.org","@graph":[{"@type":"WebPage","@id":"https:\/\/www.sereme.com\/ru\/%d1%8d%d0%ba%d1%81%d0%bf%d0%b5%d1%80%d1%82%d0%b8%d0%b7%d0%b0-%d0%ba%d0%be%d0%bd%d1%81%d0%b0%d0%bb%d1%82%d0%b8%d0%bd%d0%b3-%d0%b8%d0%b7%d0%bc%d0%b5%d1%80%d0%b8%d1%82%d0%b5%d0%bb%d1%8c%d0%bd%d1%8b\/","url":"https:\/\/www.sereme.com\/ru\/%d1%8d%d0%ba%d1%81%d0%bf%d0%b5%d1%80%d1%82%d0%b8%d0%b7%d0%b0-%d0%ba%d0%be%d0%bd%d1%81%d0%b0%d0%bb%d1%82%d0%b8%d0%bd%d0%b3-%d0%b8%d0%b7%d0%bc%d0%b5%d1%80%d0%b8%d1%82%d0%b5%d0%bb%d1%8c%d0%bd%d1%8b\/","name":"\u044d\u043a\u0441\u043f\u0435\u0440\u0442\u0438\u0437\u0430, \u043a\u043e\u043d\u0441\u0430\u043b\u0442\u0438\u043d\u0433, \u0438\u0437\u043c\u0435\u0440\u0438\u0442\u0435\u043b\u044c\u043d\u044b\u0435 \u043a\u0430\u043c\u043f\u0430\u043d\u0438\u0438 - SEREME","isPartOf":{"@id":"https:\/\/www.sereme.com\/#website"},"datePublished":"2018-04-26T16:37:36+00:00","dateModified":"2018-04-26T16:37:36+00:00","breadcrumb":{"@id":"https:\/\/www.sereme.com\/ru\/%d1%8d%d0%ba%d1%81%d0%bf%d0%b5%d1%80%d1%82%d0%b8%d0%b7%d0%b0-%d0%ba%d0%be%d0%bd%d1%81%d0%b0%d0%bb%d1%82%d0%b8%d0%bd%d0%b3-%d0%b8%d0%b7%d0%bc%d0%b5%d1%80%d0%b8%d1%82%d0%b5%d0%bb%d1%8c%d0%bd%d1%8b\/#breadcrumb"},"inLanguage":"ru-RU","potentialAction":[{"@type":"ReadAction","target":["https:\/\/www.sereme.com\/ru\/%d1%8d%d0%ba%d1%81%d0%bf%d0%b5%d1%80%d1%82%d0%b8%d0%b7%d0%b0-%d0%ba%d0%be%d0%bd%d1%81%d0%b0%d0%bb%d1%82%d0%b8%d0%bd%d0%b3-%d0%b8%d0%b7%d0%bc%d0%b5%d1%80%d0%b8%d1%82%d0%b5%d0%bb%d1%8c%d0%bd%d1%8b\/"]}]},{"@type":"BreadcrumbList","@id":"https:\/\/www.sereme.com\/ru\/%d1%8d%d0%ba%d1%81%d0%bf%d0%b5%d1%80%d1%82%d0%b8%d0%b7%d0%b0-%d0%ba%d0%be%d0%bd%d1%81%d0%b0%d0%bb%d1%82%d0%b8%d0%bd%d0%b3-%d0%b8%d0%b7%d0%bc%d0%b5%d1%80%d0%b8%d1%82%d0%b5%d0%bb%d1%8c%d0%bd%d1%8b\/#breadcrumb","itemListElement":[{"@type":"ListItem","position":1,"name":"Accueil","item":"https:\/\/www.sereme.com\/ru\/"},{"@type":"ListItem","position":2,"name":"\u044d\u043a\u0441\u043f\u0435\u0440\u0442\u0438\u0437\u0430, \u043a\u043e\u043d\u0441\u0430\u043b\u0442\u0438\u043d\u0433, \u0438\u0437\u043c\u0435\u0440\u0438\u0442\u0435\u043b\u044c\u043d\u044b\u0435 \u043a\u0430\u043c\u043f\u0430\u043d\u0438\u0438"}]},{"@type":"WebSite","@id":"https:\/\/www.sereme.com\/#website","url":"https:\/\/www.sereme.com\/","name":"SEREME","description":"Soci\u00e9t\u00e9 d&#039;\u00c9tudes et de R\u00e9alisations de Moyens d&#039;Essais","publisher":{"@id":"https:\/\/www.sereme.com\/#organization"},"potentialAction":[{"@type":"SearchAction","target":{"@type":"EntryPoint","urlTemplate":"https:\/\/www.sereme.com\/?s={search_term_string}"},"query-input":{"@type":"PropertyValueSpecification","valueRequired":true,"valueName":"search_term_string"}}],"inLanguage":"ru-RU"},{"@type":"Organization","@id":"https:\/\/www.sereme.com\/#organization","name":"Sereme","url":"https:\/\/www.sereme.com\/","logo":{"@type":"ImageObject","inLanguage":"ru-RU","@id":"https:\/\/www.sereme.com\/#\/schema\/logo\/image\/","url":"https:\/\/www.sereme.com\/wp-content\/uploads\/2018\/01\/logo-sereme-hd.gif","contentUrl":"https:\/\/www.sereme.com\/wp-content\/uploads\/2018\/01\/logo-sereme-hd.gif","width":1200,"height":300,"caption":"Sereme"},"image":{"@id":"https:\/\/www.sereme.com\/#\/schema\/logo\/image\/"}}]}},"_links":{"self":[{"href":"https:\/\/www.sereme.com\/ru\/wp-json\/wp\/v2\/pages\/1684","targetHints":{"allow":["GET"]}}],"collection":[{"href":"https:\/\/www.sereme.com\/ru\/wp-json\/wp\/v2\/pages"}],"about":[{"href":"https:\/\/www.sereme.com\/ru\/wp-json\/wp\/v2\/types\/page"}],"author":[{"embeddable":true,"href":"https:\/\/www.sereme.com\/ru\/wp-json\/wp\/v2\/users\/1"}],"replies":[{"embeddable":true,"href":"https:\/\/www.sereme.com\/ru\/wp-json\/wp\/v2\/comments?post=1684"}],"version-history":[{"count":1,"href":"https:\/\/www.sereme.com\/ru\/wp-json\/wp\/v2\/pages\/1684\/revisions"}],"predecessor-version":[{"id":1685,"href":"https:\/\/www.sereme.com\/ru\/wp-json\/wp\/v2\/pages\/1684\/revisions\/1685"}],"wp:attachment":[{"href":"https:\/\/www.sereme.com\/ru\/wp-json\/wp\/v2\/media?parent=1684"}],"curies":[{"name":"wp","href":"https:\/\/api.w.org\/{rel}","templated":true}]}}