{"id":808,"date":"2017-12-19T17:58:45","date_gmt":"2017-12-19T16:58:45","guid":{"rendered":"https:\/\/www.sereme.com\/?page_id=808"},"modified":"2024-10-30T16:21:43","modified_gmt":"2024-10-30T15:21:43","slug":"company","status":"publish","type":"page","link":"https:\/\/www.sereme.com\/en\/company\/","title":{"rendered":"Company"},"content":{"rendered":"<div class=\"wpb-content-wrapper\"><p>[vc_row][vc_column width=&#8221;2\/3&#8243;][vc_column_text css=&#8221;&#8221;]SEREME is since 1976 an independent French Company dedicated to design and delivery of vibration, acoustic, shock and microvibration test solutions.<\/p>\n<p>Its R&amp;D investment and its wide range of references have made of SEREME an European leader in these activities.<\/p>\n<p><a href=\"https:\/\/www.sereme.com\/wp-content\/uploads\/2024\/10\/Presentation-of-SEREME.pdf\" target=\"_blank\" rel=\"noopener\">LEARN MORE<\/a>[\/vc_column_text][vc_column_text]<\/p>\n<h2>Where are SEREME Customers ?<\/h2>\n<p>[\/vc_column_text][vc_single_image image=&#8221;2624&#8243; img_size=&#8221;&#8221; alignment=&#8221;center&#8221;][\/vc_column][vc_column width=&#8221;1\/3&#8243;][vc_single_image image=&#8221;809&#8243; img_size=&#8221;&#8221; alignment=&#8221;center&#8221;][\/vc_column][\/vc_row]<\/p>\n<\/div>","protected":false},"excerpt":{"rendered":"<p>[vc_row][vc_column width=&#8221;2\/3&#8243;][vc_column_text css=&#8221;&#8221;]SEREME is since 1976 an independent French Company dedicated to design and delivery of vibration, acoustic, shock and microvibration test solutions. Its R&amp;D investment and its wide range of references have made of SEREME an European leader in these activities. LEARN MORE[\/vc_column_text][vc_column_text] Where are SEREME Customers ? [\/vc_column_text][vc_single_image image=&#8221;2624&#8243; img_size=&#8221;&#8221; alignment=&#8221;center&#8221;][\/vc_column][vc_column width=&#8221;1\/3&#8243;][vc_single_image image=&#8221;809&#8243; [&hellip;]<\/p>\n","protected":false},"author":1,"featured_media":0,"parent":0,"menu_order":0,"comment_status":"closed","ping_status":"closed","template":"","meta":{"footnotes":""},"class_list":["post-808","page","type-page","status-publish","hentry"],"yoast_head":"<!-- This site is optimized with the Yoast SEO plugin v24.3 - https:\/\/yoast.com\/wordpress\/plugins\/seo\/ -->\n<title>Company - SEREME<\/title>\n<meta name=\"robots\" content=\"index, follow, max-snippet:-1, max-image-preview:large, max-video-preview:-1\" \/>\n<link rel=\"canonical\" href=\"https:\/\/www.sereme.com\/en\/company\/\" \/>\n<meta property=\"og:locale\" content=\"en_US\" \/>\n<meta property=\"og:type\" content=\"article\" \/>\n<meta property=\"og:title\" content=\"Company - SEREME\" \/>\n<meta property=\"og:description\" content=\"[vc_row][vc_column width=&#8221;2\/3&#8243;][vc_column_text css=&#8221;&#8221;]SEREME is since 1976 an independent French Company dedicated to design and delivery of vibration, acoustic, shock and microvibration test solutions. Its R&amp;D investment and its wide range of references have made of SEREME an European leader in these activities. LEARN MORE[\/vc_column_text][vc_column_text] Where are SEREME Customers ? [\/vc_column_text][vc_single_image image=&#8221;2624&#8243; img_size=&#8221;&#8221; alignment=&#8221;center&#8221;][\/vc_column][vc_column width=&#8221;1\/3&#8243;][vc_single_image image=&#8221;809&#8243; [&hellip;]\" \/>\n<meta property=\"og:url\" content=\"https:\/\/www.sereme.com\/en\/company\/\" \/>\n<meta property=\"og:site_name\" content=\"SEREME\" \/>\n<meta property=\"article:modified_time\" content=\"2024-10-30T15:21:43+00:00\" \/>\n<meta name=\"twitter:card\" content=\"summary_large_image\" \/>\n<meta name=\"twitter:label1\" content=\"Est. reading time\" \/>\n\t<meta name=\"twitter:data1\" content=\"1 minute\" \/>\n<script type=\"application\/ld+json\" class=\"yoast-schema-graph\">{\"@context\":\"https:\/\/schema.org\",\"@graph\":[{\"@type\":\"WebPage\",\"@id\":\"https:\/\/www.sereme.com\/en\/company\/\",\"url\":\"https:\/\/www.sereme.com\/en\/company\/\",\"name\":\"Company - SEREME\",\"isPartOf\":{\"@id\":\"https:\/\/www.sereme.com\/#website\"},\"datePublished\":\"2017-12-19T16:58:45+00:00\",\"dateModified\":\"2024-10-30T15:21:43+00:00\",\"breadcrumb\":{\"@id\":\"https:\/\/www.sereme.com\/en\/company\/#breadcrumb\"},\"inLanguage\":\"en-US\",\"potentialAction\":[{\"@type\":\"ReadAction\",\"target\":[\"https:\/\/www.sereme.com\/en\/company\/\"]}]},{\"@type\":\"BreadcrumbList\",\"@id\":\"https:\/\/www.sereme.com\/en\/company\/#breadcrumb\",\"itemListElement\":[{\"@type\":\"ListItem\",\"position\":1,\"name\":\"Accueil\",\"item\":\"https:\/\/www.sereme.com\/en\/\"},{\"@type\":\"ListItem\",\"position\":2,\"name\":\"Company\"}]},{\"@type\":\"WebSite\",\"@id\":\"https:\/\/www.sereme.com\/#website\",\"url\":\"https:\/\/www.sereme.com\/\",\"name\":\"SEREME\",\"description\":\"Soci\u00e9t\u00e9 d&#039;\u00c9tudes et de R\u00e9alisations de Moyens d&#039;Essais\",\"publisher\":{\"@id\":\"https:\/\/www.sereme.com\/#organization\"},\"potentialAction\":[{\"@type\":\"SearchAction\",\"target\":{\"@type\":\"EntryPoint\",\"urlTemplate\":\"https:\/\/www.sereme.com\/?s={search_term_string}\"},\"query-input\":{\"@type\":\"PropertyValueSpecification\",\"valueRequired\":true,\"valueName\":\"search_term_string\"}}],\"inLanguage\":\"en-US\"},{\"@type\":\"Organization\",\"@id\":\"https:\/\/www.sereme.com\/#organization\",\"name\":\"Sereme\",\"url\":\"https:\/\/www.sereme.com\/\",\"logo\":{\"@type\":\"ImageObject\",\"inLanguage\":\"en-US\",\"@id\":\"https:\/\/www.sereme.com\/#\/schema\/logo\/image\/\",\"url\":\"https:\/\/www.sereme.com\/wp-content\/uploads\/2018\/01\/logo-sereme-hd.gif\",\"contentUrl\":\"https:\/\/www.sereme.com\/wp-content\/uploads\/2018\/01\/logo-sereme-hd.gif\",\"width\":1200,\"height\":300,\"caption\":\"Sereme\"},\"image\":{\"@id\":\"https:\/\/www.sereme.com\/#\/schema\/logo\/image\/\"}}]}<\/script>\n<!-- \/ Yoast SEO plugin. -->","yoast_head_json":{"title":"Company - SEREME","robots":{"index":"index","follow":"follow","max-snippet":"max-snippet:-1","max-image-preview":"max-image-preview:large","max-video-preview":"max-video-preview:-1"},"canonical":"https:\/\/www.sereme.com\/en\/company\/","og_locale":"en_US","og_type":"article","og_title":"Company - SEREME","og_description":"[vc_row][vc_column width=&#8221;2\/3&#8243;][vc_column_text css=&#8221;&#8221;]SEREME is since 1976 an independent French Company dedicated to design and delivery of vibration, acoustic, shock and microvibration test solutions. Its R&amp;D investment and its wide range of references have made of SEREME an European leader in these activities. LEARN MORE[\/vc_column_text][vc_column_text] Where are SEREME Customers ? [\/vc_column_text][vc_single_image image=&#8221;2624&#8243; img_size=&#8221;&#8221; alignment=&#8221;center&#8221;][\/vc_column][vc_column width=&#8221;1\/3&#8243;][vc_single_image image=&#8221;809&#8243; [&hellip;]","og_url":"https:\/\/www.sereme.com\/en\/company\/","og_site_name":"SEREME","article_modified_time":"2024-10-30T15:21:43+00:00","twitter_card":"summary_large_image","twitter_misc":{"Est. reading time":"1 minute"},"schema":{"@context":"https:\/\/schema.org","@graph":[{"@type":"WebPage","@id":"https:\/\/www.sereme.com\/en\/company\/","url":"https:\/\/www.sereme.com\/en\/company\/","name":"Company - SEREME","isPartOf":{"@id":"https:\/\/www.sereme.com\/#website"},"datePublished":"2017-12-19T16:58:45+00:00","dateModified":"2024-10-30T15:21:43+00:00","breadcrumb":{"@id":"https:\/\/www.sereme.com\/en\/company\/#breadcrumb"},"inLanguage":"en-US","potentialAction":[{"@type":"ReadAction","target":["https:\/\/www.sereme.com\/en\/company\/"]}]},{"@type":"BreadcrumbList","@id":"https:\/\/www.sereme.com\/en\/company\/#breadcrumb","itemListElement":[{"@type":"ListItem","position":1,"name":"Accueil","item":"https:\/\/www.sereme.com\/en\/"},{"@type":"ListItem","position":2,"name":"Company"}]},{"@type":"WebSite","@id":"https:\/\/www.sereme.com\/#website","url":"https:\/\/www.sereme.com\/","name":"SEREME","description":"Soci\u00e9t\u00e9 d&#039;\u00c9tudes et de R\u00e9alisations de Moyens d&#039;Essais","publisher":{"@id":"https:\/\/www.sereme.com\/#organization"},"potentialAction":[{"@type":"SearchAction","target":{"@type":"EntryPoint","urlTemplate":"https:\/\/www.sereme.com\/?s={search_term_string}"},"query-input":{"@type":"PropertyValueSpecification","valueRequired":true,"valueName":"search_term_string"}}],"inLanguage":"en-US"},{"@type":"Organization","@id":"https:\/\/www.sereme.com\/#organization","name":"Sereme","url":"https:\/\/www.sereme.com\/","logo":{"@type":"ImageObject","inLanguage":"en-US","@id":"https:\/\/www.sereme.com\/#\/schema\/logo\/image\/","url":"https:\/\/www.sereme.com\/wp-content\/uploads\/2018\/01\/logo-sereme-hd.gif","contentUrl":"https:\/\/www.sereme.com\/wp-content\/uploads\/2018\/01\/logo-sereme-hd.gif","width":1200,"height":300,"caption":"Sereme"},"image":{"@id":"https:\/\/www.sereme.com\/#\/schema\/logo\/image\/"}}]}},"_links":{"self":[{"href":"https:\/\/www.sereme.com\/en\/wp-json\/wp\/v2\/pages\/808","targetHints":{"allow":["GET"]}}],"collection":[{"href":"https:\/\/www.sereme.com\/en\/wp-json\/wp\/v2\/pages"}],"about":[{"href":"https:\/\/www.sereme.com\/en\/wp-json\/wp\/v2\/types\/page"}],"author":[{"embeddable":true,"href":"https:\/\/www.sereme.com\/en\/wp-json\/wp\/v2\/users\/1"}],"replies":[{"embeddable":true,"href":"https:\/\/www.sereme.com\/en\/wp-json\/wp\/v2\/comments?post=808"}],"version-history":[{"count":10,"href":"https:\/\/www.sereme.com\/en\/wp-json\/wp\/v2\/pages\/808\/revisions"}],"predecessor-version":[{"id":2968,"href":"https:\/\/www.sereme.com\/en\/wp-json\/wp\/v2\/pages\/808\/revisions\/2968"}],"wp:attachment":[{"href":"https:\/\/www.sereme.com\/en\/wp-json\/wp\/v2\/media?parent=808"}],"curies":[{"name":"wp","href":"https:\/\/api.w.org\/{rel}","templated":true}]}}