{"id":1665,"date":"2018-04-26T18:07:03","date_gmt":"2018-04-26T16:07:03","guid":{"rendered":"https:\/\/www.sereme.com\/?page_id=1665"},"modified":"2023-07-13T14:55:27","modified_gmt":"2023-07-13T12:55:27","slug":"defense-2","status":"publish","type":"page","link":"https:\/\/www.sereme.com\/en\/defense-2\/","title":{"rendered":"Defense"},"content":{"rendered":"<div class=\"wpb-content-wrapper\"><p>[vc_row][vc_column width=&#8221;1\/3&#8243;][vc_row_inner][vc_column_inner el_class=&#8221;bloc clair&#8221;][vc_single_image image=&#8221;2639&#8243; img_size=&#8221;large&#8221; alignment=&#8221;center&#8221;][\/vc_column_inner][\/vc_row_inner][\/vc_column][vc_column width=&#8221;2\/3&#8243;][vc_column_text]For Defense industry, SEREME is proposing solutions based on achievements performed for other industries such as aerospace or automotive which allow the integration of defense industry requirements and the compliance with budgetary constraints. Areas of expertise are vibration test facilities, acoustic test facilities, shock test machines and infrastructure (navy, shock).<\/p>\n<p>SEREME proposes also customized vibrations, shock or acoustic test solutions according to End-User specification.<\/p>\n<p>Among the French Customers of SEREME solutions are French DGA with the major test centers (land, air, sea), THALES AIR DEFENSE, THALES OPTRONIQUE, SAGEM-SAFRAN, MBDA, CEA, DCNS.<\/p>\n<p>SEREME is also exporting such facilities. Some of SEREME solutions can be subject to French export control regulations.[\/vc_column_text][vc_column_text]<strong>ASSOCIATED CONTENTS<\/strong>[\/vc_column_text][vc_row_inner][vc_column_inner width=&#8221;1\/2&#8243;][vc_btn title=&#8221;Acoustic test solutions&#8221; style=&#8221;custom&#8221; custom_background=&#8221;#2973b8&#8243; custom_text=&#8221;#ffffff&#8221; shape=&#8221;square&#8221; align=&#8221;center&#8221; button_block=&#8221;true&#8221; link=&#8221;url:%2Fen%2Facoustic-test-solutions%2F|||&#8221;][vc_btn title=&#8221;Shock test solutions&#8221; style=&#8221;custom&#8221; custom_background=&#8221;#2973b8&#8243; custom_text=&#8221;#ffffff&#8221; shape=&#8221;square&#8221; align=&#8221;center&#8221; button_block=&#8221;true&#8221; link=&#8221;url:%2Fen%2Fshock-test-solutions%2F|||&#8221;][vc_btn title=&#8221;Transportation and Packing test rigs&#8221; style=&#8221;custom&#8221; custom_background=&#8221;#2973b8&#8243; custom_text=&#8221;#ffffff&#8221; shape=&#8221;square&#8221; align=&#8221;center&#8221; button_block=&#8221;true&#8221; link=&#8221;url:%2Fen%2Ftransportation-and-packing-test-rigs%2F|||&#8221;][\/vc_column_inner][vc_column_inner width=&#8221;1\/2&#8243;][vc_btn title=&#8221;Vibration test solutions&#8221; style=&#8221;custom&#8221; custom_background=&#8221;#2973b8&#8243; custom_text=&#8221;#ffffff&#8221; shape=&#8221;square&#8221; align=&#8221;center&#8221; button_block=&#8221;true&#8221; link=&#8221;url:%2Fen%2Fvibration-test-solution%2F|||&#8221;][vc_btn title=&#8221;Customised dynamic test benches&#8221; style=&#8221;custom&#8221; custom_background=&#8221;#2973b8&#8243; custom_text=&#8221;#ffffff&#8221; shape=&#8221;square&#8221; align=&#8221;center&#8221; button_block=&#8221;true&#8221; link=&#8221;url:%2Fen%2Fcustomised-dynamic-test-benches%2F|||&#8221;][vc_btn title=&#8221;Expertise, consulting, measurement campaign&#8221; style=&#8221;custom&#8221; custom_background=&#8221;#2973b8&#8243; custom_text=&#8221;#ffffff&#8221; shape=&#8221;square&#8221; align=&#8221;center&#8221; button_block=&#8221;true&#8221; link=&#8221;url:%2Fen%2Fexpertise-consulting-measurement-campaign%2F|||&#8221;][\/vc_column_inner][\/vc_row_inner][\/vc_column][\/vc_row]<\/p>\n<\/div>","protected":false},"excerpt":{"rendered":"<p>[vc_row][vc_column width=&#8221;1\/3&#8243;][vc_row_inner][vc_column_inner el_class=&#8221;bloc clair&#8221;][vc_single_image image=&#8221;2639&#8243; img_size=&#8221;large&#8221; alignment=&#8221;center&#8221;][\/vc_column_inner][\/vc_row_inner][\/vc_column][vc_column width=&#8221;2\/3&#8243;][vc_column_text]For Defense industry, SEREME is proposing solutions based on achievements performed for other industries such as aerospace or automotive which allow the integration of defense industry requirements and the compliance with budgetary constraints. Areas of expertise are vibration test facilities, acoustic test facilities, shock test machines and infrastructure [&hellip;]<\/p>\n","protected":false},"author":1,"featured_media":0,"parent":0,"menu_order":0,"comment_status":"closed","ping_status":"closed","template":"","meta":{"footnotes":""},"class_list":["post-1665","page","type-page","status-publish","hentry"],"yoast_head":"<!-- This site is optimized with the Yoast SEO plugin v24.3 - https:\/\/yoast.com\/wordpress\/plugins\/seo\/ -->\n<title>Defense - SEREME<\/title>\n<meta name=\"robots\" content=\"index, follow, max-snippet:-1, max-image-preview:large, max-video-preview:-1\" \/>\n<link rel=\"canonical\" href=\"https:\/\/www.sereme.com\/en\/defense-2\/\" \/>\n<meta property=\"og:locale\" content=\"en_US\" \/>\n<meta property=\"og:type\" content=\"article\" \/>\n<meta property=\"og:title\" content=\"Defense - SEREME\" \/>\n<meta property=\"og:description\" content=\"[vc_row][vc_column width=&#8221;1\/3&#8243;][vc_row_inner][vc_column_inner el_class=&#8221;bloc clair&#8221;][vc_single_image image=&#8221;2639&#8243; img_size=&#8221;large&#8221; alignment=&#8221;center&#8221;][\/vc_column_inner][\/vc_row_inner][\/vc_column][vc_column width=&#8221;2\/3&#8243;][vc_column_text]For Defense industry, SEREME is proposing solutions based on achievements performed for other industries such as aerospace or automotive which allow the integration of defense industry requirements and the compliance with budgetary constraints. Areas of expertise are vibration test facilities, acoustic test facilities, shock test machines and infrastructure [&hellip;]\" \/>\n<meta property=\"og:url\" content=\"https:\/\/www.sereme.com\/en\/defense-2\/\" \/>\n<meta property=\"og:site_name\" content=\"SEREME\" \/>\n<meta property=\"article:modified_time\" content=\"2023-07-13T12:55:27+00:00\" \/>\n<meta name=\"twitter:card\" content=\"summary_large_image\" \/>\n<meta name=\"twitter:label1\" content=\"Est. reading time\" \/>\n\t<meta name=\"twitter:data1\" content=\"1 minute\" \/>\n<script type=\"application\/ld+json\" class=\"yoast-schema-graph\">{\"@context\":\"https:\/\/schema.org\",\"@graph\":[{\"@type\":\"WebPage\",\"@id\":\"https:\/\/www.sereme.com\/en\/defense-2\/\",\"url\":\"https:\/\/www.sereme.com\/en\/defense-2\/\",\"name\":\"Defense - SEREME\",\"isPartOf\":{\"@id\":\"https:\/\/www.sereme.com\/#website\"},\"datePublished\":\"2018-04-26T16:07:03+00:00\",\"dateModified\":\"2023-07-13T12:55:27+00:00\",\"breadcrumb\":{\"@id\":\"https:\/\/www.sereme.com\/en\/defense-2\/#breadcrumb\"},\"inLanguage\":\"en-US\",\"potentialAction\":[{\"@type\":\"ReadAction\",\"target\":[\"https:\/\/www.sereme.com\/en\/defense-2\/\"]}]},{\"@type\":\"BreadcrumbList\",\"@id\":\"https:\/\/www.sereme.com\/en\/defense-2\/#breadcrumb\",\"itemListElement\":[{\"@type\":\"ListItem\",\"position\":1,\"name\":\"Accueil\",\"item\":\"https:\/\/www.sereme.com\/en\/\"},{\"@type\":\"ListItem\",\"position\":2,\"name\":\"Defense\"}]},{\"@type\":\"WebSite\",\"@id\":\"https:\/\/www.sereme.com\/#website\",\"url\":\"https:\/\/www.sereme.com\/\",\"name\":\"SEREME\",\"description\":\"Soci\u00e9t\u00e9 d&#039;\u00c9tudes et de R\u00e9alisations de Moyens d&#039;Essais\",\"publisher\":{\"@id\":\"https:\/\/www.sereme.com\/#organization\"},\"potentialAction\":[{\"@type\":\"SearchAction\",\"target\":{\"@type\":\"EntryPoint\",\"urlTemplate\":\"https:\/\/www.sereme.com\/?s={search_term_string}\"},\"query-input\":{\"@type\":\"PropertyValueSpecification\",\"valueRequired\":true,\"valueName\":\"search_term_string\"}}],\"inLanguage\":\"en-US\"},{\"@type\":\"Organization\",\"@id\":\"https:\/\/www.sereme.com\/#organization\",\"name\":\"Sereme\",\"url\":\"https:\/\/www.sereme.com\/\",\"logo\":{\"@type\":\"ImageObject\",\"inLanguage\":\"en-US\",\"@id\":\"https:\/\/www.sereme.com\/#\/schema\/logo\/image\/\",\"url\":\"https:\/\/www.sereme.com\/wp-content\/uploads\/2018\/01\/logo-sereme-hd.gif\",\"contentUrl\":\"https:\/\/www.sereme.com\/wp-content\/uploads\/2018\/01\/logo-sereme-hd.gif\",\"width\":1200,\"height\":300,\"caption\":\"Sereme\"},\"image\":{\"@id\":\"https:\/\/www.sereme.com\/#\/schema\/logo\/image\/\"}}]}<\/script>\n<!-- \/ Yoast SEO plugin. -->","yoast_head_json":{"title":"Defense - SEREME","robots":{"index":"index","follow":"follow","max-snippet":"max-snippet:-1","max-image-preview":"max-image-preview:large","max-video-preview":"max-video-preview:-1"},"canonical":"https:\/\/www.sereme.com\/en\/defense-2\/","og_locale":"en_US","og_type":"article","og_title":"Defense - SEREME","og_description":"[vc_row][vc_column width=&#8221;1\/3&#8243;][vc_row_inner][vc_column_inner el_class=&#8221;bloc clair&#8221;][vc_single_image image=&#8221;2639&#8243; img_size=&#8221;large&#8221; alignment=&#8221;center&#8221;][\/vc_column_inner][\/vc_row_inner][\/vc_column][vc_column width=&#8221;2\/3&#8243;][vc_column_text]For Defense industry, SEREME is proposing solutions based on achievements performed for other industries such as aerospace or automotive which allow the integration of defense industry requirements and the compliance with budgetary constraints. Areas of expertise are vibration test facilities, acoustic test facilities, shock test machines and infrastructure [&hellip;]","og_url":"https:\/\/www.sereme.com\/en\/defense-2\/","og_site_name":"SEREME","article_modified_time":"2023-07-13T12:55:27+00:00","twitter_card":"summary_large_image","twitter_misc":{"Est. reading time":"1 minute"},"schema":{"@context":"https:\/\/schema.org","@graph":[{"@type":"WebPage","@id":"https:\/\/www.sereme.com\/en\/defense-2\/","url":"https:\/\/www.sereme.com\/en\/defense-2\/","name":"Defense - SEREME","isPartOf":{"@id":"https:\/\/www.sereme.com\/#website"},"datePublished":"2018-04-26T16:07:03+00:00","dateModified":"2023-07-13T12:55:27+00:00","breadcrumb":{"@id":"https:\/\/www.sereme.com\/en\/defense-2\/#breadcrumb"},"inLanguage":"en-US","potentialAction":[{"@type":"ReadAction","target":["https:\/\/www.sereme.com\/en\/defense-2\/"]}]},{"@type":"BreadcrumbList","@id":"https:\/\/www.sereme.com\/en\/defense-2\/#breadcrumb","itemListElement":[{"@type":"ListItem","position":1,"name":"Accueil","item":"https:\/\/www.sereme.com\/en\/"},{"@type":"ListItem","position":2,"name":"Defense"}]},{"@type":"WebSite","@id":"https:\/\/www.sereme.com\/#website","url":"https:\/\/www.sereme.com\/","name":"SEREME","description":"Soci\u00e9t\u00e9 d&#039;\u00c9tudes et de R\u00e9alisations de Moyens d&#039;Essais","publisher":{"@id":"https:\/\/www.sereme.com\/#organization"},"potentialAction":[{"@type":"SearchAction","target":{"@type":"EntryPoint","urlTemplate":"https:\/\/www.sereme.com\/?s={search_term_string}"},"query-input":{"@type":"PropertyValueSpecification","valueRequired":true,"valueName":"search_term_string"}}],"inLanguage":"en-US"},{"@type":"Organization","@id":"https:\/\/www.sereme.com\/#organization","name":"Sereme","url":"https:\/\/www.sereme.com\/","logo":{"@type":"ImageObject","inLanguage":"en-US","@id":"https:\/\/www.sereme.com\/#\/schema\/logo\/image\/","url":"https:\/\/www.sereme.com\/wp-content\/uploads\/2018\/01\/logo-sereme-hd.gif","contentUrl":"https:\/\/www.sereme.com\/wp-content\/uploads\/2018\/01\/logo-sereme-hd.gif","width":1200,"height":300,"caption":"Sereme"},"image":{"@id":"https:\/\/www.sereme.com\/#\/schema\/logo\/image\/"}}]}},"_links":{"self":[{"href":"https:\/\/www.sereme.com\/en\/wp-json\/wp\/v2\/pages\/1665","targetHints":{"allow":["GET"]}}],"collection":[{"href":"https:\/\/www.sereme.com\/en\/wp-json\/wp\/v2\/pages"}],"about":[{"href":"https:\/\/www.sereme.com\/en\/wp-json\/wp\/v2\/types\/page"}],"author":[{"embeddable":true,"href":"https:\/\/www.sereme.com\/en\/wp-json\/wp\/v2\/users\/1"}],"replies":[{"embeddable":true,"href":"https:\/\/www.sereme.com\/en\/wp-json\/wp\/v2\/comments?post=1665"}],"version-history":[{"count":4,"href":"https:\/\/www.sereme.com\/en\/wp-json\/wp\/v2\/pages\/1665\/revisions"}],"predecessor-version":[{"id":2649,"href":"https:\/\/www.sereme.com\/en\/wp-json\/wp\/v2\/pages\/1665\/revisions\/2649"}],"wp:attachment":[{"href":"https:\/\/www.sereme.com\/en\/wp-json\/wp\/v2\/media?parent=1665"}],"curies":[{"name":"wp","href":"https:\/\/api.w.org\/{rel}","templated":true}]}}