{"id":1662,"date":"2018-04-26T18:05:42","date_gmt":"2018-04-26T16:05:42","guid":{"rendered":"https:\/\/www.sereme.com\/?page_id=1662"},"modified":"2018-04-27T09:23:52","modified_gmt":"2018-04-27T07:23:52","slug":"automotive","status":"publish","type":"page","link":"https:\/\/www.sereme.com\/en\/automotive\/","title":{"rendered":"Automotive"},"content":{"rendered":"<div class=\"wpb-content-wrapper\"><p>[vc_row][vc_column width=&#8221;1\/3&#8243;][vc_row_inner][vc_column_inner el_class=&#8221;bloc clair&#8221;][vc_single_image image=&#8221;1381&#8243; img_size=&#8221;large&#8221; alignment=&#8221;center&#8221;][\/vc_column_inner][\/vc_row_inner][\/vc_column][vc_column width=&#8221;2\/3&#8243;][vc_column_text]SEREME is a leading supplier of European automotive test laboratories since 1979.<\/p>\n<p>Drop towers, direct catapults, bungees catapults, sledges and guiding systems of inverse crash facilities (hydraulic) have been delivered to major car manufacturers or components suppliers.<\/p>\n<p>ACI RENAULT, AUTOLIV France, AUTOLIV Sweden, BMW M\u00fcnchen, CEESAR, DELPHI, FAURECIA, INRETS (IFSTTAR), JOHNSON CONTROL, PEUGEOT SPORT, PSA, RENAULT, TNO, UTAC, ZODIAC.<\/p>\n<p>SEREME has designed and delivered more than 200 customized seismic masses for vibration and crash test laboratories (AUTOLIV France, AUTOLIV Sweden, INRETS (IFSTTAR), PSA, RENAULT, SOFEDIT, PEUGEOT SPORT, CITROEN SPORT, TNO, UTAC).<\/p>\n<p>Due to SEREME innovative solutions, coupled reverberating acoustic chambers of PSA V\u00e9lizy and RIETER Aubergenville are the most ergonomic and efficient acoustic complex in Europe.<\/p>\n<p>SEREME has designed major acoustic test building with semi-anechoic chambers and RAC for FIAT (Mirafiori), CRITT Artois Com, PSA (La Garenne, V\u00e9lizy), IVECO\u2026<\/p>\n<p>SEREME vibration test facilities integrate either hydraulic shaker, either electrodynamic shaker, climatic box are used by car and components manufacturers for subsystems or components testing.<\/p>\n<p>The SEREME expertise in vibration, acoustic and infrastructure allows SEREME to design new test laboratories.<\/p>\n<p>As number of test facilities were built some decades ago by companies which have disappeared or stopped such activity, SEREME proposes also upgrade of existing facilities not designed initially by SEREME.[\/vc_column_text][vc_column_text]<strong>ASSOCIATED CONTENTS<\/strong>[\/vc_column_text][vc_row_inner][vc_column_inner width=&#8221;1\/2&#8243;][vc_btn title=&#8221;Acoustic test solutions&#8221; style=&#8221;custom&#8221; custom_background=&#8221;#2973b8&#8243; custom_text=&#8221;#ffffff&#8221; shape=&#8221;square&#8221; align=&#8221;center&#8221; button_block=&#8221;true&#8221; link=&#8221;url:%2Fen%2Facoustic-test-solutions%2F|||&#8221;][vc_btn title=&#8221;Shock test solutions&#8221; style=&#8221;custom&#8221; custom_background=&#8221;#2973b8&#8243; custom_text=&#8221;#ffffff&#8221; shape=&#8221;square&#8221; align=&#8221;center&#8221; button_block=&#8221;true&#8221; link=&#8221;url:%2Fen%2Fshock-test-solutions%2F|||&#8221;][vc_btn title=&#8221;Transportation and Packing test rigs&#8221; style=&#8221;custom&#8221; custom_background=&#8221;#2973b8&#8243; custom_text=&#8221;#ffffff&#8221; shape=&#8221;square&#8221; align=&#8221;center&#8221; button_block=&#8221;true&#8221; link=&#8221;url:%2Fen%2Ftransportation-and-packing-test-rigs%2F|||&#8221;][\/vc_column_inner][vc_column_inner width=&#8221;1\/2&#8243;][vc_btn title=&#8221;Vibration test solutions&#8221; style=&#8221;custom&#8221; custom_background=&#8221;#2973b8&#8243; custom_text=&#8221;#ffffff&#8221; shape=&#8221;square&#8221; align=&#8221;center&#8221; button_block=&#8221;true&#8221; link=&#8221;url:%2Fen%2Fvibration-test-solution%2F|||&#8221;][vc_btn title=&#8221;Customised dynamic test benches&#8221; style=&#8221;custom&#8221; custom_background=&#8221;#2973b8&#8243; custom_text=&#8221;#ffffff&#8221; shape=&#8221;square&#8221; align=&#8221;center&#8221; button_block=&#8221;true&#8221; link=&#8221;url:%2Fen%2Fcustomised-dynamic-test-benches%2F|||&#8221;][vc_btn title=&#8221;Expertise, consulting, measurement campaign&#8221; style=&#8221;custom&#8221; custom_background=&#8221;#2973b8&#8243; custom_text=&#8221;#ffffff&#8221; shape=&#8221;square&#8221; align=&#8221;center&#8221; button_block=&#8221;true&#8221; link=&#8221;url:%2Fen%2Fexpertise-consulting-measurement-campaign%2F|||&#8221;][\/vc_column_inner][\/vc_row_inner][\/vc_column][\/vc_row]<\/p>\n<\/div>","protected":false},"excerpt":{"rendered":"<p>[vc_row][vc_column width=&#8221;1\/3&#8243;][vc_row_inner][vc_column_inner el_class=&#8221;bloc clair&#8221;][vc_single_image image=&#8221;1381&#8243; img_size=&#8221;large&#8221; alignment=&#8221;center&#8221;][\/vc_column_inner][\/vc_row_inner][\/vc_column][vc_column width=&#8221;2\/3&#8243;][vc_column_text]SEREME is a leading supplier of European automotive test laboratories since 1979. Drop towers, direct catapults, bungees catapults, sledges and guiding systems of inverse crash facilities (hydraulic) have been delivered to major car manufacturers or components suppliers. ACI RENAULT, AUTOLIV France, AUTOLIV Sweden, BMW M\u00fcnchen, CEESAR, DELPHI, FAURECIA, [&hellip;]<\/p>\n","protected":false},"author":1,"featured_media":0,"parent":0,"menu_order":0,"comment_status":"closed","ping_status":"closed","template":"","meta":{"footnotes":""},"class_list":["post-1662","page","type-page","status-publish","hentry"],"yoast_head":"<!-- This site is optimized with the Yoast SEO plugin v24.3 - https:\/\/yoast.com\/wordpress\/plugins\/seo\/ -->\n<title>Automotive - SEREME<\/title>\n<meta name=\"robots\" content=\"index, follow, max-snippet:-1, max-image-preview:large, max-video-preview:-1\" \/>\n<link rel=\"canonical\" href=\"https:\/\/www.sereme.com\/en\/automotive\/\" \/>\n<meta property=\"og:locale\" content=\"en_US\" \/>\n<meta property=\"og:type\" content=\"article\" \/>\n<meta property=\"og:title\" content=\"Automotive - SEREME\" \/>\n<meta property=\"og:description\" content=\"[vc_row][vc_column width=&#8221;1\/3&#8243;][vc_row_inner][vc_column_inner el_class=&#8221;bloc clair&#8221;][vc_single_image image=&#8221;1381&#8243; img_size=&#8221;large&#8221; alignment=&#8221;center&#8221;][\/vc_column_inner][\/vc_row_inner][\/vc_column][vc_column width=&#8221;2\/3&#8243;][vc_column_text]SEREME is a leading supplier of European automotive test laboratories since 1979. Drop towers, direct catapults, bungees catapults, sledges and guiding systems of inverse crash facilities (hydraulic) have been delivered to major car manufacturers or components suppliers. ACI RENAULT, AUTOLIV France, AUTOLIV Sweden, BMW M\u00fcnchen, CEESAR, DELPHI, FAURECIA, [&hellip;]\" \/>\n<meta property=\"og:url\" content=\"https:\/\/www.sereme.com\/en\/automotive\/\" \/>\n<meta property=\"og:site_name\" content=\"SEREME\" \/>\n<meta property=\"article:modified_time\" content=\"2018-04-27T07:23:52+00:00\" \/>\n<meta name=\"twitter:card\" content=\"summary_large_image\" \/>\n<meta name=\"twitter:label1\" content=\"Est. reading time\" \/>\n\t<meta name=\"twitter:data1\" content=\"2 minutes\" \/>\n<script type=\"application\/ld+json\" class=\"yoast-schema-graph\">{\"@context\":\"https:\/\/schema.org\",\"@graph\":[{\"@type\":\"WebPage\",\"@id\":\"https:\/\/www.sereme.com\/en\/automotive\/\",\"url\":\"https:\/\/www.sereme.com\/en\/automotive\/\",\"name\":\"Automotive - SEREME\",\"isPartOf\":{\"@id\":\"https:\/\/www.sereme.com\/#website\"},\"datePublished\":\"2018-04-26T16:05:42+00:00\",\"dateModified\":\"2018-04-27T07:23:52+00:00\",\"breadcrumb\":{\"@id\":\"https:\/\/www.sereme.com\/en\/automotive\/#breadcrumb\"},\"inLanguage\":\"en-US\",\"potentialAction\":[{\"@type\":\"ReadAction\",\"target\":[\"https:\/\/www.sereme.com\/en\/automotive\/\"]}]},{\"@type\":\"BreadcrumbList\",\"@id\":\"https:\/\/www.sereme.com\/en\/automotive\/#breadcrumb\",\"itemListElement\":[{\"@type\":\"ListItem\",\"position\":1,\"name\":\"Accueil\",\"item\":\"https:\/\/www.sereme.com\/en\/\"},{\"@type\":\"ListItem\",\"position\":2,\"name\":\"Automotive\"}]},{\"@type\":\"WebSite\",\"@id\":\"https:\/\/www.sereme.com\/#website\",\"url\":\"https:\/\/www.sereme.com\/\",\"name\":\"SEREME\",\"description\":\"Soci\u00e9t\u00e9 d&#039;\u00c9tudes et de R\u00e9alisations de Moyens d&#039;Essais\",\"publisher\":{\"@id\":\"https:\/\/www.sereme.com\/#organization\"},\"potentialAction\":[{\"@type\":\"SearchAction\",\"target\":{\"@type\":\"EntryPoint\",\"urlTemplate\":\"https:\/\/www.sereme.com\/?s={search_term_string}\"},\"query-input\":{\"@type\":\"PropertyValueSpecification\",\"valueRequired\":true,\"valueName\":\"search_term_string\"}}],\"inLanguage\":\"en-US\"},{\"@type\":\"Organization\",\"@id\":\"https:\/\/www.sereme.com\/#organization\",\"name\":\"Sereme\",\"url\":\"https:\/\/www.sereme.com\/\",\"logo\":{\"@type\":\"ImageObject\",\"inLanguage\":\"en-US\",\"@id\":\"https:\/\/www.sereme.com\/#\/schema\/logo\/image\/\",\"url\":\"https:\/\/www.sereme.com\/wp-content\/uploads\/2018\/01\/logo-sereme-hd.gif\",\"contentUrl\":\"https:\/\/www.sereme.com\/wp-content\/uploads\/2018\/01\/logo-sereme-hd.gif\",\"width\":1200,\"height\":300,\"caption\":\"Sereme\"},\"image\":{\"@id\":\"https:\/\/www.sereme.com\/#\/schema\/logo\/image\/\"}}]}<\/script>\n<!-- \/ Yoast SEO plugin. -->","yoast_head_json":{"title":"Automotive - SEREME","robots":{"index":"index","follow":"follow","max-snippet":"max-snippet:-1","max-image-preview":"max-image-preview:large","max-video-preview":"max-video-preview:-1"},"canonical":"https:\/\/www.sereme.com\/en\/automotive\/","og_locale":"en_US","og_type":"article","og_title":"Automotive - SEREME","og_description":"[vc_row][vc_column width=&#8221;1\/3&#8243;][vc_row_inner][vc_column_inner el_class=&#8221;bloc clair&#8221;][vc_single_image image=&#8221;1381&#8243; img_size=&#8221;large&#8221; alignment=&#8221;center&#8221;][\/vc_column_inner][\/vc_row_inner][\/vc_column][vc_column width=&#8221;2\/3&#8243;][vc_column_text]SEREME is a leading supplier of European automotive test laboratories since 1979. Drop towers, direct catapults, bungees catapults, sledges and guiding systems of inverse crash facilities (hydraulic) have been delivered to major car manufacturers or components suppliers. ACI RENAULT, AUTOLIV France, AUTOLIV Sweden, BMW M\u00fcnchen, CEESAR, DELPHI, FAURECIA, [&hellip;]","og_url":"https:\/\/www.sereme.com\/en\/automotive\/","og_site_name":"SEREME","article_modified_time":"2018-04-27T07:23:52+00:00","twitter_card":"summary_large_image","twitter_misc":{"Est. reading time":"2 minutes"},"schema":{"@context":"https:\/\/schema.org","@graph":[{"@type":"WebPage","@id":"https:\/\/www.sereme.com\/en\/automotive\/","url":"https:\/\/www.sereme.com\/en\/automotive\/","name":"Automotive - SEREME","isPartOf":{"@id":"https:\/\/www.sereme.com\/#website"},"datePublished":"2018-04-26T16:05:42+00:00","dateModified":"2018-04-27T07:23:52+00:00","breadcrumb":{"@id":"https:\/\/www.sereme.com\/en\/automotive\/#breadcrumb"},"inLanguage":"en-US","potentialAction":[{"@type":"ReadAction","target":["https:\/\/www.sereme.com\/en\/automotive\/"]}]},{"@type":"BreadcrumbList","@id":"https:\/\/www.sereme.com\/en\/automotive\/#breadcrumb","itemListElement":[{"@type":"ListItem","position":1,"name":"Accueil","item":"https:\/\/www.sereme.com\/en\/"},{"@type":"ListItem","position":2,"name":"Automotive"}]},{"@type":"WebSite","@id":"https:\/\/www.sereme.com\/#website","url":"https:\/\/www.sereme.com\/","name":"SEREME","description":"Soci\u00e9t\u00e9 d&#039;\u00c9tudes et de R\u00e9alisations de Moyens d&#039;Essais","publisher":{"@id":"https:\/\/www.sereme.com\/#organization"},"potentialAction":[{"@type":"SearchAction","target":{"@type":"EntryPoint","urlTemplate":"https:\/\/www.sereme.com\/?s={search_term_string}"},"query-input":{"@type":"PropertyValueSpecification","valueRequired":true,"valueName":"search_term_string"}}],"inLanguage":"en-US"},{"@type":"Organization","@id":"https:\/\/www.sereme.com\/#organization","name":"Sereme","url":"https:\/\/www.sereme.com\/","logo":{"@type":"ImageObject","inLanguage":"en-US","@id":"https:\/\/www.sereme.com\/#\/schema\/logo\/image\/","url":"https:\/\/www.sereme.com\/wp-content\/uploads\/2018\/01\/logo-sereme-hd.gif","contentUrl":"https:\/\/www.sereme.com\/wp-content\/uploads\/2018\/01\/logo-sereme-hd.gif","width":1200,"height":300,"caption":"Sereme"},"image":{"@id":"https:\/\/www.sereme.com\/#\/schema\/logo\/image\/"}}]}},"_links":{"self":[{"href":"https:\/\/www.sereme.com\/en\/wp-json\/wp\/v2\/pages\/1662","targetHints":{"allow":["GET"]}}],"collection":[{"href":"https:\/\/www.sereme.com\/en\/wp-json\/wp\/v2\/pages"}],"about":[{"href":"https:\/\/www.sereme.com\/en\/wp-json\/wp\/v2\/types\/page"}],"author":[{"embeddable":true,"href":"https:\/\/www.sereme.com\/en\/wp-json\/wp\/v2\/users\/1"}],"replies":[{"embeddable":true,"href":"https:\/\/www.sereme.com\/en\/wp-json\/wp\/v2\/comments?post=1662"}],"version-history":[{"count":4,"href":"https:\/\/www.sereme.com\/en\/wp-json\/wp\/v2\/pages\/1662\/revisions"}],"predecessor-version":[{"id":1753,"href":"https:\/\/www.sereme.com\/en\/wp-json\/wp\/v2\/pages\/1662\/revisions\/1753"}],"wp:attachment":[{"href":"https:\/\/www.sereme.com\/en\/wp-json\/wp\/v2\/media?parent=1662"}],"curies":[{"name":"wp","href":"https:\/\/api.w.org\/{rel}","templated":true}]}}