{"id":1658,"date":"2018-04-26T17:55:24","date_gmt":"2018-04-26T15:55:24","guid":{"rendered":"https:\/\/www.sereme.com\/?page_id=1658"},"modified":"2018-04-26T17:55:35","modified_gmt":"2018-04-26T15:55:35","slug":"expertise-consulting-measurement-campaign","status":"publish","type":"page","link":"https:\/\/www.sereme.com\/en\/expertise-consulting-measurement-campaign\/","title":{"rendered":"Expertise, consulting, measurement campaign"},"content":{"rendered":"<div class=\"wpb-content-wrapper\"><p>[vc_row][vc_column][vc_row_inner][vc_column_inner width=&#8221;1\/6&#8243;][vc_single_image image=&#8221;152&#8243; img_size=&#8221;80&#215;80&#8243; alignment=&#8221;center&#8221;][\/vc_column_inner][vc_column_inner width=&#8221;5\/6&#8243;][vc_column_text]SEREME large experience in delivery of dynamic test solutions allows SEREME to propose expertise, feasibility study or consulting in these sectors either in the early stage of the project (feasibility studies preliminary layout\u2026), either in a very late stage (measurement diagnosis to improve existing solutions made 20 or 30 years ago).[\/vc_column_text][\/vc_column_inner][\/vc_row_inner][\/vc_column][\/vc_row]<\/p>\n<\/div>","protected":false},"excerpt":{"rendered":"<p>[vc_row][vc_column][vc_row_inner][vc_column_inner width=&#8221;1\/6&#8243;][vc_single_image image=&#8221;152&#8243; img_size=&#8221;80&#215;80&#8243; alignment=&#8221;center&#8221;][\/vc_column_inner][vc_column_inner width=&#8221;5\/6&#8243;][vc_column_text]SEREME large experience in delivery of dynamic test solutions allows SEREME to propose expertise, feasibility study or consulting in these sectors either in the early stage of the project (feasibility studies preliminary layout\u2026), either in a very late stage (measurement diagnosis to improve existing solutions made 20 or 30 years [&hellip;]<\/p>\n","protected":false},"author":1,"featured_media":0,"parent":0,"menu_order":0,"comment_status":"closed","ping_status":"closed","template":"","meta":{"footnotes":""},"class_list":["post-1658","page","type-page","status-publish","hentry"],"yoast_head":"<!-- This site is optimized with the Yoast SEO plugin v24.3 - https:\/\/yoast.com\/wordpress\/plugins\/seo\/ -->\n<title>Expertise, consulting, measurement campaign - SEREME<\/title>\n<meta name=\"robots\" content=\"index, follow, max-snippet:-1, max-image-preview:large, max-video-preview:-1\" \/>\n<link rel=\"canonical\" href=\"https:\/\/www.sereme.com\/en\/expertise-consulting-measurement-campaign\/\" \/>\n<meta property=\"og:locale\" content=\"en_US\" \/>\n<meta property=\"og:type\" content=\"article\" \/>\n<meta property=\"og:title\" content=\"Expertise, consulting, measurement campaign - SEREME\" \/>\n<meta property=\"og:description\" content=\"[vc_row][vc_column][vc_row_inner][vc_column_inner width=&#8221;1\/6&#8243;][vc_single_image image=&#8221;152&#8243; img_size=&#8221;80&#215;80&#8243; alignment=&#8221;center&#8221;][\/vc_column_inner][vc_column_inner width=&#8221;5\/6&#8243;][vc_column_text]SEREME large experience in delivery of dynamic test solutions allows SEREME to propose expertise, feasibility study or consulting in these sectors either in the early stage of the project (feasibility studies preliminary layout\u2026), either in a very late stage (measurement diagnosis to improve existing solutions made 20 or 30 years [&hellip;]\" \/>\n<meta property=\"og:url\" content=\"https:\/\/www.sereme.com\/en\/expertise-consulting-measurement-campaign\/\" \/>\n<meta property=\"og:site_name\" content=\"SEREME\" \/>\n<meta property=\"article:modified_time\" content=\"2018-04-26T15:55:35+00:00\" \/>\n<meta name=\"twitter:card\" content=\"summary_large_image\" \/>\n<script type=\"application\/ld+json\" class=\"yoast-schema-graph\">{\"@context\":\"https:\/\/schema.org\",\"@graph\":[{\"@type\":\"WebPage\",\"@id\":\"https:\/\/www.sereme.com\/en\/expertise-consulting-measurement-campaign\/\",\"url\":\"https:\/\/www.sereme.com\/en\/expertise-consulting-measurement-campaign\/\",\"name\":\"Expertise, consulting, measurement campaign - SEREME\",\"isPartOf\":{\"@id\":\"https:\/\/www.sereme.com\/#website\"},\"datePublished\":\"2018-04-26T15:55:24+00:00\",\"dateModified\":\"2018-04-26T15:55:35+00:00\",\"breadcrumb\":{\"@id\":\"https:\/\/www.sereme.com\/en\/expertise-consulting-measurement-campaign\/#breadcrumb\"},\"inLanguage\":\"en-US\",\"potentialAction\":[{\"@type\":\"ReadAction\",\"target\":[\"https:\/\/www.sereme.com\/en\/expertise-consulting-measurement-campaign\/\"]}]},{\"@type\":\"BreadcrumbList\",\"@id\":\"https:\/\/www.sereme.com\/en\/expertise-consulting-measurement-campaign\/#breadcrumb\",\"itemListElement\":[{\"@type\":\"ListItem\",\"position\":1,\"name\":\"Accueil\",\"item\":\"https:\/\/www.sereme.com\/en\/\"},{\"@type\":\"ListItem\",\"position\":2,\"name\":\"Expertise, consulting, measurement campaign\"}]},{\"@type\":\"WebSite\",\"@id\":\"https:\/\/www.sereme.com\/#website\",\"url\":\"https:\/\/www.sereme.com\/\",\"name\":\"SEREME\",\"description\":\"Soci\u00e9t\u00e9 d&#039;\u00c9tudes et de R\u00e9alisations de Moyens d&#039;Essais\",\"publisher\":{\"@id\":\"https:\/\/www.sereme.com\/#organization\"},\"potentialAction\":[{\"@type\":\"SearchAction\",\"target\":{\"@type\":\"EntryPoint\",\"urlTemplate\":\"https:\/\/www.sereme.com\/?s={search_term_string}\"},\"query-input\":{\"@type\":\"PropertyValueSpecification\",\"valueRequired\":true,\"valueName\":\"search_term_string\"}}],\"inLanguage\":\"en-US\"},{\"@type\":\"Organization\",\"@id\":\"https:\/\/www.sereme.com\/#organization\",\"name\":\"Sereme\",\"url\":\"https:\/\/www.sereme.com\/\",\"logo\":{\"@type\":\"ImageObject\",\"inLanguage\":\"en-US\",\"@id\":\"https:\/\/www.sereme.com\/#\/schema\/logo\/image\/\",\"url\":\"https:\/\/www.sereme.com\/wp-content\/uploads\/2018\/01\/logo-sereme-hd.gif\",\"contentUrl\":\"https:\/\/www.sereme.com\/wp-content\/uploads\/2018\/01\/logo-sereme-hd.gif\",\"width\":1200,\"height\":300,\"caption\":\"Sereme\"},\"image\":{\"@id\":\"https:\/\/www.sereme.com\/#\/schema\/logo\/image\/\"}}]}<\/script>\n<!-- \/ Yoast SEO plugin. -->","yoast_head_json":{"title":"Expertise, consulting, measurement campaign - SEREME","robots":{"index":"index","follow":"follow","max-snippet":"max-snippet:-1","max-image-preview":"max-image-preview:large","max-video-preview":"max-video-preview:-1"},"canonical":"https:\/\/www.sereme.com\/en\/expertise-consulting-measurement-campaign\/","og_locale":"en_US","og_type":"article","og_title":"Expertise, consulting, measurement campaign - SEREME","og_description":"[vc_row][vc_column][vc_row_inner][vc_column_inner width=&#8221;1\/6&#8243;][vc_single_image image=&#8221;152&#8243; img_size=&#8221;80&#215;80&#8243; alignment=&#8221;center&#8221;][\/vc_column_inner][vc_column_inner width=&#8221;5\/6&#8243;][vc_column_text]SEREME large experience in delivery of dynamic test solutions allows SEREME to propose expertise, feasibility study or consulting in these sectors either in the early stage of the project (feasibility studies preliminary layout\u2026), either in a very late stage (measurement diagnosis to improve existing solutions made 20 or 30 years [&hellip;]","og_url":"https:\/\/www.sereme.com\/en\/expertise-consulting-measurement-campaign\/","og_site_name":"SEREME","article_modified_time":"2018-04-26T15:55:35+00:00","twitter_card":"summary_large_image","schema":{"@context":"https:\/\/schema.org","@graph":[{"@type":"WebPage","@id":"https:\/\/www.sereme.com\/en\/expertise-consulting-measurement-campaign\/","url":"https:\/\/www.sereme.com\/en\/expertise-consulting-measurement-campaign\/","name":"Expertise, consulting, measurement campaign - SEREME","isPartOf":{"@id":"https:\/\/www.sereme.com\/#website"},"datePublished":"2018-04-26T15:55:24+00:00","dateModified":"2018-04-26T15:55:35+00:00","breadcrumb":{"@id":"https:\/\/www.sereme.com\/en\/expertise-consulting-measurement-campaign\/#breadcrumb"},"inLanguage":"en-US","potentialAction":[{"@type":"ReadAction","target":["https:\/\/www.sereme.com\/en\/expertise-consulting-measurement-campaign\/"]}]},{"@type":"BreadcrumbList","@id":"https:\/\/www.sereme.com\/en\/expertise-consulting-measurement-campaign\/#breadcrumb","itemListElement":[{"@type":"ListItem","position":1,"name":"Accueil","item":"https:\/\/www.sereme.com\/en\/"},{"@type":"ListItem","position":2,"name":"Expertise, consulting, measurement campaign"}]},{"@type":"WebSite","@id":"https:\/\/www.sereme.com\/#website","url":"https:\/\/www.sereme.com\/","name":"SEREME","description":"Soci\u00e9t\u00e9 d&#039;\u00c9tudes et de R\u00e9alisations de Moyens d&#039;Essais","publisher":{"@id":"https:\/\/www.sereme.com\/#organization"},"potentialAction":[{"@type":"SearchAction","target":{"@type":"EntryPoint","urlTemplate":"https:\/\/www.sereme.com\/?s={search_term_string}"},"query-input":{"@type":"PropertyValueSpecification","valueRequired":true,"valueName":"search_term_string"}}],"inLanguage":"en-US"},{"@type":"Organization","@id":"https:\/\/www.sereme.com\/#organization","name":"Sereme","url":"https:\/\/www.sereme.com\/","logo":{"@type":"ImageObject","inLanguage":"en-US","@id":"https:\/\/www.sereme.com\/#\/schema\/logo\/image\/","url":"https:\/\/www.sereme.com\/wp-content\/uploads\/2018\/01\/logo-sereme-hd.gif","contentUrl":"https:\/\/www.sereme.com\/wp-content\/uploads\/2018\/01\/logo-sereme-hd.gif","width":1200,"height":300,"caption":"Sereme"},"image":{"@id":"https:\/\/www.sereme.com\/#\/schema\/logo\/image\/"}}]}},"_links":{"self":[{"href":"https:\/\/www.sereme.com\/en\/wp-json\/wp\/v2\/pages\/1658","targetHints":{"allow":["GET"]}}],"collection":[{"href":"https:\/\/www.sereme.com\/en\/wp-json\/wp\/v2\/pages"}],"about":[{"href":"https:\/\/www.sereme.com\/en\/wp-json\/wp\/v2\/types\/page"}],"author":[{"embeddable":true,"href":"https:\/\/www.sereme.com\/en\/wp-json\/wp\/v2\/users\/1"}],"replies":[{"embeddable":true,"href":"https:\/\/www.sereme.com\/en\/wp-json\/wp\/v2\/comments?post=1658"}],"version-history":[{"count":2,"href":"https:\/\/www.sereme.com\/en\/wp-json\/wp\/v2\/pages\/1658\/revisions"}],"predecessor-version":[{"id":1660,"href":"https:\/\/www.sereme.com\/en\/wp-json\/wp\/v2\/pages\/1658\/revisions\/1660"}],"wp:attachment":[{"href":"https:\/\/www.sereme.com\/en\/wp-json\/wp\/v2\/media?parent=1658"}],"curies":[{"name":"wp","href":"https:\/\/api.w.org\/{rel}","templated":true}]}}